{"id":5079,"date":"2025-07-17T13:54:29","date_gmt":"2025-07-17T11:54:29","guid":{"rendered":"https:\/\/event-box.be\/?page_id=5079"},"modified":"2025-07-17T14:33:43","modified_gmt":"2025-07-17T12:33:43","slug":"concept-garden-party","status":"publish","type":"page","link":"https:\/\/event-box.be\/index.php\/nos-concepts-2\/concept-garden-party\/","title":{"rendered":"Garden Party"},"content":{"rendered":"\t\t<div data-elementor-type=\"wp-page\" data-elementor-id=\"5079\" class=\"elementor elementor-5079\" data-elementor-post-type=\"page\">\n\t\t\t\t\t\t<section class=\"elementor-section elementor-top-section elementor-element elementor-element-28065618 elementor-section-full_width qode_elementor_container_inner elementor-section-height-default elementor-section-height-default parallax_section_no\" data-id=\"28065618\" data-element_type=\"section\" data-e-type=\"section\">\n\t\t\t\t\t\t<div class=\"elementor-container elementor-column-gap-default\">\n\t\t\t\t\t<div class=\"elementor-column elementor-col-100 elementor-top-column elementor-element elementor-element-73fd42ca\" data-id=\"73fd42ca\" data-element_type=\"column\" data-e-type=\"column\">\n\t\t\t<div class=\"elementor-widget-wrap elementor-element-populated\">\n\t\t\t\t\t\t<div class=\"elementor-element elementor-element-6061835a elementor-widget elementor-widget-heading\" data-id=\"6061835a\" data-element_type=\"widget\" data-e-type=\"widget\" data-widget_type=\"heading.default\">\n\t\t\t\t<div class=\"elementor-widget-container\">\n\t\t\t\t\t<h2 class=\"elementor-heading-title elementor-size-default\">Notre garden party<br><\/h2>\t\t\t\t<\/div>\n\t\t\t\t<\/div>\n\t\t\t\t<div class=\"elementor-element elementor-element-421468a elementor-widget elementor-widget-text-editor\" data-id=\"421468a\" data-element_type=\"widget\" data-e-type=\"widget\" data-widget_type=\"text-editor.default\">\n\t\t\t\t<div class=\"elementor-widget-container\">\n\t\t\t\t\t\t\t\t\t<h5 id=\"ConnectiveDocSignExtentionInstalled\" data-extension-version=\"1.0.4\"><br><\/h5><h5 id=\"ConnectiveDocSignExtentionInstalled\" data-extension-version=\"1.0.4\">Un moment convivial en plein air<\/h5>\t\t\t\t\t\t\t\t<\/div>\n\t\t\t\t<\/div>\n\t\t\t\t<div class=\"elementor-element elementor-element-161bdfe elementor-widget elementor-widget-text-editor\" data-id=\"161bdfe\" data-element_type=\"widget\" data-e-type=\"widget\" data-widget_type=\"text-editor.default\">\n\t\t\t\t<div class=\"elementor-widget-container\">\n\t\t\t\t\t\t\t\t\t<h3 data-start=\"164\" data-end=\"239\">\u00a0<\/h3><p data-start=\"182\" data-end=\"595\">Optez pour notre <strong data-start=\"282\" data-end=\"298\">garden party<\/strong> o\u00f9 les jeux en bois prennent le devant de la sc\u00e8ne ! Sous un ciel bleu et dans une ambiance d\u00e9tendue, vous aurez l\u2019occasion de tester votre adresse, votre esprit de comp\u00e9tition et vos talents strat\u00e9giques sur des jeux en bois g\u00e9ants et de table comme le Jenga XXL, le Molkky, le billard hollandais ou la p\u00e9tanque !<\/p><p data-start=\"182\" data-end=\"595\">\u00a0<\/p><p data-start=\"943\" data-end=\"1198\">Avec des jeux qui m\u00e9langent <strong>habilet\u00e9<\/strong> et <strong>fun<\/strong>, cette garden party vous promet une exp\u00e9rience inoubliable ! Le principe est simple : cr\u00e9ez vos \u00e9quipes et laissez-vous emporter par l\u2019\u00e9nergie du moment, men\u00e9 par nos deux animateurs. Repartez avec des souvenirs plein la t\u00eate et, pourquoi pas, quelques petites victoires en poche !<\/p><div id=\"ConnectiveDocSignExtentionInstalled\" data-extension-version=\"1.0.4\">\u00a0<\/div>\t\t\t\t\t\t\t\t<\/div>\n\t\t\t\t<\/div>\n\t\t\t\t\t<\/div>\n\t\t<\/div>\n\t\t\t\t\t<\/div>\n\t\t<\/section>\n\t\t\t\t<section class=\"elementor-section elementor-top-section elementor-element elementor-element-ccca77a elementor-section-boxed elementor-section-height-default elementor-section-height-default parallax_section_no qode_elementor_container_no\" data-id=\"ccca77a\" data-element_type=\"section\" data-e-type=\"section\">\n\t\t\t\t\t\t<div class=\"elementor-container elementor-column-gap-default\">\n\t\t\t\t\t<div class=\"elementor-column elementor-col-33 elementor-top-column elementor-element elementor-element-3d23084\" data-id=\"3d23084\" data-element_type=\"column\" data-e-type=\"column\">\n\t\t\t<div class=\"elementor-widget-wrap elementor-element-populated\">\n\t\t\t\t\t\t<div class=\"elementor-element elementor-element-59a401b elementor-widget elementor-widget-image\" data-id=\"59a401b\" data-element_type=\"widget\" data-e-type=\"widget\" data-widget_type=\"image.default\">\n\t\t\t\t<div class=\"elementor-widget-container\">\n\t\t\t\t\t\t\t\t\t\t\t\t\t\t\t\t<a href=\"http:\/\/event-box.be\/index.php\/contact\/\">\n\t\t\t\t\t\t\t<img fetchpriority=\"high\" decoding=\"async\" width=\"600\" height=\"800\" src=\"https:\/\/event-box.be\/wp-content\/uploads\/2025\/07\/Rorive3-600x800.jpg\" class=\"attachment-portfolio-portrait size-portfolio-portrait wp-image-5082\" alt=\"\" srcset=\"https:\/\/event-box.be\/wp-content\/uploads\/2025\/07\/Rorive3-600x800.jpg 600w, https:\/\/event-box.be\/wp-content\/uploads\/2025\/07\/Rorive3-225x300.jpg 225w, https:\/\/event-box.be\/wp-content\/uploads\/2025\/07\/Rorive3-768x1024.jpg 768w, https:\/\/event-box.be\/wp-content\/uploads\/2025\/07\/Rorive3-1152x1536.jpg 1152w, https:\/\/event-box.be\/wp-content\/uploads\/2025\/07\/Rorive3-700x933.jpg 700w, https:\/\/event-box.be\/wp-content\/uploads\/2025\/07\/Rorive3.jpg 1530w\" sizes=\"(max-width: 600px) 100vw, 600px\" \/>\t\t\t\t\t\t\t\t<\/a>\n\t\t\t\t\t\t\t\t\t\t\t\t\t\t\t<\/div>\n\t\t\t\t<\/div>\n\t\t\t\t<div class=\"elementor-element elementor-element-fea8619 elementor-widget elementor-widget-text-editor\" data-id=\"fea8619\" data-element_type=\"widget\" data-e-type=\"widget\" data-widget_type=\"text-editor.default\">\n\t\t\t\t<div class=\"elementor-widget-container\">\n\t\t\t\t\t\t\t\t\t<h5>D\u00e9fis collectifs<\/h5>\n<div id=\"ConnectiveDocSignExtentionInstalled\" data-extension-version=\"1.0.4\">&nbsp;<\/div>\t\t\t\t\t\t\t\t<\/div>\n\t\t\t\t<\/div>\n\t\t\t\t\t<\/div>\n\t\t<\/div>\n\t\t\t\t<div class=\"elementor-column elementor-col-33 elementor-top-column elementor-element elementor-element-b768600\" data-id=\"b768600\" data-element_type=\"column\" data-e-type=\"column\">\n\t\t\t<div class=\"elementor-widget-wrap elementor-element-populated\">\n\t\t\t\t\t\t<div class=\"elementor-element elementor-element-e339fbe elementor-widget elementor-widget-image\" data-id=\"e339fbe\" data-element_type=\"widget\" data-e-type=\"widget\" data-widget_type=\"image.default\">\n\t\t\t\t<div class=\"elementor-widget-container\">\n\t\t\t\t\t\t\t\t\t\t\t\t\t\t\t\t<a href=\"http:\/\/event-box.be\/index.php\/contact\/\">\n\t\t\t\t\t\t\t<img decoding=\"async\" width=\"600\" height=\"800\" src=\"https:\/\/event-box.be\/wp-content\/uploads\/2025\/07\/Rorive6-600x800.jpg\" class=\"attachment-portfolio-portrait size-portfolio-portrait wp-image-5083\" alt=\"\" srcset=\"https:\/\/event-box.be\/wp-content\/uploads\/2025\/07\/Rorive6-600x800.jpg 600w, https:\/\/event-box.be\/wp-content\/uploads\/2025\/07\/Rorive6-225x300.jpg 225w, https:\/\/event-box.be\/wp-content\/uploads\/2025\/07\/Rorive6-768x1024.jpg 768w, https:\/\/event-box.be\/wp-content\/uploads\/2025\/07\/Rorive6-1152x1536.jpg 1152w, https:\/\/event-box.be\/wp-content\/uploads\/2025\/07\/Rorive6-700x933.jpg 700w, https:\/\/event-box.be\/wp-content\/uploads\/2025\/07\/Rorive6.jpg 1530w\" sizes=\"(max-width: 600px) 100vw, 600px\" \/>\t\t\t\t\t\t\t\t<\/a>\n\t\t\t\t\t\t\t\t\t\t\t\t\t\t\t<\/div>\n\t\t\t\t<\/div>\n\t\t\t\t<div class=\"elementor-element elementor-element-a88f4fd elementor-widget elementor-widget-text-editor\" data-id=\"a88f4fd\" data-element_type=\"widget\" data-e-type=\"widget\" data-widget_type=\"text-editor.default\">\n\t\t\t\t<div class=\"elementor-widget-container\">\n\t\t\t\t\t\t\t\t\t<h5>Animation<\/h5><div id=\"ConnectiveDocSignExtentionInstalled\" data-extension-version=\"1.0.4\">\u00a0<\/div>\t\t\t\t\t\t\t\t<\/div>\n\t\t\t\t<\/div>\n\t\t\t\t\t<\/div>\n\t\t<\/div>\n\t\t\t\t<div class=\"elementor-column elementor-col-33 elementor-top-column elementor-element elementor-element-213096c\" data-id=\"213096c\" data-element_type=\"column\" data-e-type=\"column\">\n\t\t\t<div class=\"elementor-widget-wrap elementor-element-populated\">\n\t\t\t\t\t\t<div class=\"elementor-element elementor-element-40bd3e5 elementor-widget elementor-widget-image\" data-id=\"40bd3e5\" data-element_type=\"widget\" data-e-type=\"widget\" data-widget_type=\"image.default\">\n\t\t\t\t<div class=\"elementor-widget-container\">\n\t\t\t\t\t\t\t\t\t\t\t\t\t\t\t\t<a href=\"http:\/\/event-box.be\/index.php\/contact\/\">\n\t\t\t\t\t\t\t<img decoding=\"async\" width=\"600\" height=\"800\" src=\"https:\/\/event-box.be\/wp-content\/uploads\/2025\/07\/Rorive15-600x800.jpg\" class=\"attachment-portfolio-portrait size-portfolio-portrait wp-image-5081\" alt=\"\" \/>\t\t\t\t\t\t\t\t<\/a>\n\t\t\t\t\t\t\t\t\t\t\t\t\t\t\t<\/div>\n\t\t\t\t<\/div>\n\t\t\t\t<div class=\"elementor-element elementor-element-c08271f elementor-widget elementor-widget-text-editor\" data-id=\"c08271f\" data-element_type=\"widget\" data-e-type=\"widget\" data-widget_type=\"text-editor.default\">\n\t\t\t\t<div class=\"elementor-widget-container\">\n\t\t\t\t\t\t\t\t\t<h5>Surprise<\/h5><div id=\"ConnectiveDocSignExtentionInstalled\" data-extension-version=\"1.0.4\">\u00a0<\/div>\t\t\t\t\t\t\t\t<\/div>\n\t\t\t\t<\/div>\n\t\t\t\t\t<\/div>\n\t\t<\/div>\n\t\t\t\t\t<\/div>\n\t\t<\/section>\n\t\t\t\t<section class=\"elementor-section elementor-top-section elementor-element elementor-element-0e6abaf elementor-section-boxed elementor-section-height-default elementor-section-height-default parallax_section_no qode_elementor_container_no\" data-id=\"0e6abaf\" data-element_type=\"section\" data-e-type=\"section\">\n\t\t\t\t\t\t<div class=\"elementor-container elementor-column-gap-default\">\n\t\t\t\t\t<div class=\"elementor-column elementor-col-100 elementor-top-column elementor-element elementor-element-18f1b3c\" data-id=\"18f1b3c\" data-element_type=\"column\" data-e-type=\"column\">\n\t\t\t<div class=\"elementor-widget-wrap elementor-element-populated\">\n\t\t\t\t\t\t<div class=\"elementor-element elementor-element-9b32c2a elementor-widget elementor-widget-spacer\" data-id=\"9b32c2a\" data-element_type=\"widget\" data-e-type=\"widget\" data-widget_type=\"spacer.default\">\n\t\t\t\t<div class=\"elementor-widget-container\">\n\t\t\t\t\t\t\t<div class=\"elementor-spacer\">\n\t\t\t<div class=\"elementor-spacer-inner\"><\/div>\n\t\t<\/div>\n\t\t\t\t\t\t<\/div>\n\t\t\t\t<\/div>\n\t\t\t\t\t<\/div>\n\t\t<\/div>\n\t\t\t\t\t<\/div>\n\t\t<\/section>\n\t\t\t\t<section class=\"elementor-section elementor-top-section elementor-element elementor-element-c19ff7e elementor-section-boxed elementor-section-height-default elementor-section-height-default parallax_section_no qode_elementor_container_no\" data-id=\"c19ff7e\" data-element_type=\"section\" data-e-type=\"section\">\n\t\t\t\t\t\t<div class=\"elementor-container elementor-column-gap-default\">\n\t\t\t\t\t<div class=\"elementor-column elementor-col-100 elementor-top-column elementor-element elementor-element-d854601\" data-id=\"d854601\" data-element_type=\"column\" data-e-type=\"column\">\n\t\t\t<div class=\"elementor-widget-wrap elementor-element-populated\">\n\t\t\t\t\t\t<div class=\"elementor-element elementor-element-100439e elementor-widget elementor-widget-text-editor\" data-id=\"100439e\" data-element_type=\"widget\" data-e-type=\"widget\" data-widget_type=\"text-editor.default\">\n\t\t\t\t<div class=\"elementor-widget-container\">\n\t\t\t\t\t\t\t\t\t<div id=\"ConnectiveDocSignExtentionInstalled\" data-extension-version=\"1.0.4\"><p><strong data-start=\"937\" data-end=\"955\">\ud83d\udccc En r\u00e9sum\u00e9<\/strong><\/p><p>\u00a0<\/p><p data-start=\"960\" data-end=\"993\">\ud83d\udc65 De <strong data-start=\"966\" data-end=\"991\">15 \u00e0 100 participants<\/strong><\/p><p data-start=\"996\" data-end=\"1040\">\ud83c\udfb2 <strong data-start=\"999\" data-end=\"1026\">15 jeux en bois anciens<\/strong> \u00e0 d\u00e9couvrir<\/p><p data-start=\"1043\" data-end=\"1101\">\ud83c\udfa4 <strong data-start=\"1046\" data-end=\"1073\">2 animateurs passionn\u00e9s<\/strong> pour encadrer l\u2019\u00e9v\u00e9nement<\/p><p data-start=\"1104\" data-end=\"1177\">\u23f1\ufe0f <strong data-start=\"1107\" data-end=\"1130\">4 heures d\u2019activit\u00e9<\/strong> riches en rires, d\u00e9fis et souvenirs partag\u00e9s<\/p><\/div>\t\t\t\t\t\t\t\t<\/div>\n\t\t\t\t<\/div>\n\t\t\t\t\t<\/div>\n\t\t<\/div>\n\t\t\t\t\t<\/div>\n\t\t<\/section>\n\t\t\t\t<section class=\"elementor-section elementor-top-section elementor-element elementor-element-793db56 elementor-section-boxed elementor-section-height-default elementor-section-height-default parallax_section_no qode_elementor_container_no\" data-id=\"793db56\" data-element_type=\"section\" data-e-type=\"section\">\n\t\t\t\t\t\t<div class=\"elementor-container elementor-column-gap-default\">\n\t\t\t\t\t<div class=\"elementor-column elementor-col-100 elementor-top-column elementor-element elementor-element-73837fb\" data-id=\"73837fb\" data-element_type=\"column\" data-e-type=\"column\">\n\t\t\t<div class=\"elementor-widget-wrap elementor-element-populated\">\n\t\t\t\t\t\t<div class=\"elementor-element elementor-element-9586b60 elementor-widget elementor-widget-text-editor\" data-id=\"9586b60\" data-element_type=\"widget\" data-e-type=\"widget\" data-widget_type=\"text-editor.default\">\n\t\t\t\t<div class=\"elementor-widget-container\">\n\t\t\t\t\t\t\t\t\t<p><strong data-start=\"1179\" data-end=\"1208\">Saurez-vous mener votre \u00e9quipe \u00e0 la victoire ?<\/strong><\/p><p>C&rsquo;est ce qu&rsquo;on va voir !<\/p><div id=\"ConnectiveDocSignExtentionInstalled\" data-extension-version=\"1.0.4\">\u00a0<\/div>\t\t\t\t\t\t\t\t<\/div>\n\t\t\t\t<\/div>\n\t\t\t\t\t<\/div>\n\t\t<\/div>\n\t\t\t\t\t<\/div>\n\t\t<\/section>\n\t\t\t\t<section class=\"elementor-section elementor-top-section elementor-element elementor-element-710e56e elementor-section-boxed elementor-section-height-default elementor-section-height-default parallax_section_no qode_elementor_container_no\" data-id=\"710e56e\" data-element_type=\"section\" data-e-type=\"section\">\n\t\t\t\t\t\t<div class=\"elementor-container elementor-column-gap-default\">\n\t\t\t\t\t<div class=\"elementor-column elementor-col-100 elementor-top-column elementor-element elementor-element-69b5d3f\" data-id=\"69b5d3f\" data-element_type=\"column\" data-e-type=\"column\">\n\t\t\t<div class=\"elementor-widget-wrap elementor-element-populated\">\n\t\t\t\t\t\t<div class=\"elementor-element elementor-element-0a1353f elementor-align-center elementor-widget elementor-widget-button\" data-id=\"0a1353f\" data-element_type=\"widget\" data-e-type=\"widget\" data-widget_type=\"button.default\">\n\t\t\t\t<div class=\"elementor-widget-container\">\n\t\t\t\t\t\t\t\t\t<div class=\"elementor-button-wrapper\">\n\t\t\t\t\t<a class=\"elementor-button elementor-button-link elementor-size-sm\" href=\"https:\/\/event-box.be\/index.php\/contact\/\">\n\t\t\t\t\t\t<span class=\"elementor-button-content-wrapper\">\n\t\t\t\t\t\t\t\t\t<span class=\"elementor-button-text\">Contactez-nous<\/span>\n\t\t\t\t\t<\/span>\n\t\t\t\t\t<\/a>\n\t\t\t\t<\/div>\n\t\t\t\t\t\t\t\t<\/div>\n\t\t\t\t<\/div>\n\t\t\t\t\t<\/div>\n\t\t<\/div>\n\t\t\t\t\t<\/div>\n\t\t<\/section>\n\t\t\t\t<\/div>\n\t\t","protected":false},"excerpt":{"rendered":"<p>Notre garden party Un moment convivial en plein air \u00a0 Optez pour notre garden party o\u00f9 les jeux en bois prennent le devant de la sc\u00e8ne ! Sous un ciel bleu et dans une ambiance d\u00e9tendue, vous aurez l\u2019occasion de tester votre adresse, votre esprit&#8230;<\/p>\n","protected":false},"author":2,"featured_media":5082,"parent":4920,"menu_order":0,"comment_status":"closed","ping_status":"closed","template":"full_width.php","meta":{"_exactmetrics_skip_tracking":false,"_exactmetrics_sitenote_active":false,"_exactmetrics_sitenote_note":"","_exactmetrics_sitenote_category":0,"footnotes":""},"class_list":["post-5079","page","type-page","status-publish","has-post-thumbnail","hentry"],"yoast_head":"<!-- This site is optimized with the Yoast SEO plugin v27.4 - https:\/\/yoast.com\/product\/yoast-seo-wordpress\/ -->\n<title>Garden Party - Event-box vous propose des concepts originaux<\/title>\n<meta name=\"description\" content=\"Vous souhaitez ajouter une touche d&#039;originalit\u00e9 \u00e0 vos \u00e9v\u00e8nements sans r\u00e9fl\u00e9chir \u00e0 une formule sur-mesure ? Nous l&#039;avons cr\u00e9\u00e9e pour vous !\" \/>\n<meta name=\"robots\" content=\"index, follow, max-snippet:-1, max-image-preview:large, max-video-preview:-1\" \/>\n<link rel=\"canonical\" href=\"https:\/\/event-box.be\/index.php\/nos-concepts-2\/concept-garden-party\/\" \/>\n<meta property=\"og:locale\" content=\"fr_FR\" \/>\n<meta property=\"og:type\" content=\"article\" \/>\n<meta property=\"og:title\" content=\"Garden Party - Event-box vous propose des concepts originaux\" \/>\n<meta property=\"og:description\" content=\"Vous souhaitez ajouter une touche d&#039;originalit\u00e9 \u00e0 vos \u00e9v\u00e8nements sans r\u00e9fl\u00e9chir \u00e0 une formule sur-mesure ? Nous l&#039;avons cr\u00e9\u00e9e pour vous !\" \/>\n<meta property=\"og:url\" content=\"https:\/\/event-box.be\/index.php\/nos-concepts-2\/concept-garden-party\/\" \/>\n<meta property=\"og:site_name\" content=\"Event-box\" \/>\n<meta property=\"article:publisher\" content=\"https:\/\/www.facebook.com\/profile.php?id=100076146701741\" \/>\n<meta property=\"article:modified_time\" content=\"2025-07-17T12:33:43+00:00\" \/>\n<meta property=\"og:image\" content=\"https:\/\/event-box.be\/wp-content\/uploads\/2025\/07\/Rorive3.jpg\" \/>\n\t<meta property=\"og:image:width\" content=\"1530\" \/>\n\t<meta property=\"og:image:height\" content=\"2040\" \/>\n\t<meta property=\"og:image:type\" content=\"image\/jpeg\" \/>\n<meta name=\"twitter:card\" content=\"summary_large_image\" \/>\n<meta name=\"twitter:label1\" content=\"Dur\u00e9e de lecture estim\u00e9e\" \/>\n\t<meta name=\"twitter:data1\" content=\"3 minutes\" \/>\n<script type=\"application\/ld+json\" class=\"yoast-schema-graph\">{\"@context\":\"https:\\\/\\\/schema.org\",\"@graph\":[{\"@type\":\"WebPage\",\"@id\":\"https:\\\/\\\/event-box.be\\\/index.php\\\/nos-concepts-2\\\/concept-garden-party\\\/\",\"url\":\"https:\\\/\\\/event-box.be\\\/index.php\\\/nos-concepts-2\\\/concept-garden-party\\\/\",\"name\":\"Garden Party - Event-box vous propose des concepts originaux\",\"isPartOf\":{\"@id\":\"https:\\\/\\\/event-box.be\\\/#website\"},\"primaryImageOfPage\":{\"@id\":\"https:\\\/\\\/event-box.be\\\/index.php\\\/nos-concepts-2\\\/concept-garden-party\\\/#primaryimage\"},\"image\":{\"@id\":\"https:\\\/\\\/event-box.be\\\/index.php\\\/nos-concepts-2\\\/concept-garden-party\\\/#primaryimage\"},\"thumbnailUrl\":\"https:\\\/\\\/event-box.be\\\/wp-content\\\/uploads\\\/2025\\\/07\\\/Rorive3.jpg\",\"datePublished\":\"2025-07-17T11:54:29+00:00\",\"dateModified\":\"2025-07-17T12:33:43+00:00\",\"description\":\"Vous souhaitez ajouter une touche d'originalit\u00e9 \u00e0 vos \u00e9v\u00e8nements sans r\u00e9fl\u00e9chir \u00e0 une formule sur-mesure ? Nous l'avons cr\u00e9\u00e9e pour vous !\",\"breadcrumb\":{\"@id\":\"https:\\\/\\\/event-box.be\\\/index.php\\\/nos-concepts-2\\\/concept-garden-party\\\/#breadcrumb\"},\"inLanguage\":\"fr-FR\",\"potentialAction\":[{\"@type\":\"ReadAction\",\"target\":[\"https:\\\/\\\/event-box.be\\\/index.php\\\/nos-concepts-2\\\/concept-garden-party\\\/\"]}]},{\"@type\":\"ImageObject\",\"inLanguage\":\"fr-FR\",\"@id\":\"https:\\\/\\\/event-box.be\\\/index.php\\\/nos-concepts-2\\\/concept-garden-party\\\/#primaryimage\",\"url\":\"https:\\\/\\\/event-box.be\\\/wp-content\\\/uploads\\\/2025\\\/07\\\/Rorive3.jpg\",\"contentUrl\":\"https:\\\/\\\/event-box.be\\\/wp-content\\\/uploads\\\/2025\\\/07\\\/Rorive3.jpg\",\"width\":1530,\"height\":2040},{\"@type\":\"BreadcrumbList\",\"@id\":\"https:\\\/\\\/event-box.be\\\/index.php\\\/nos-concepts-2\\\/concept-garden-party\\\/#breadcrumb\",\"itemListElement\":[{\"@type\":\"ListItem\",\"position\":1,\"name\":\"Accueil\",\"item\":\"https:\\\/\\\/event-box.be\\\/\"},{\"@type\":\"ListItem\",\"position\":2,\"name\":\"Nos concepts\",\"item\":\"https:\\\/\\\/event-box.be\\\/index.php\\\/nos-concepts-2\\\/\"},{\"@type\":\"ListItem\",\"position\":3,\"name\":\"Garden Party\"}]},{\"@type\":\"WebSite\",\"@id\":\"https:\\\/\\\/event-box.be\\\/#website\",\"url\":\"https:\\\/\\\/event-box.be\\\/\",\"name\":\"Event-box\",\"description\":\"Cr\u00e9ateur d ambiance\",\"publisher\":{\"@id\":\"https:\\\/\\\/event-box.be\\\/#organization\"},\"potentialAction\":[{\"@type\":\"SearchAction\",\"target\":{\"@type\":\"EntryPoint\",\"urlTemplate\":\"https:\\\/\\\/event-box.be\\\/?s={search_term_string}\"},\"query-input\":{\"@type\":\"PropertyValueSpecification\",\"valueRequired\":true,\"valueName\":\"search_term_string\"}}],\"inLanguage\":\"fr-FR\"},{\"@type\":\"Organization\",\"@id\":\"https:\\\/\\\/event-box.be\\\/#organization\",\"name\":\"Event-box\",\"url\":\"https:\\\/\\\/event-box.be\\\/\",\"logo\":{\"@type\":\"ImageObject\",\"inLanguage\":\"fr-FR\",\"@id\":\"https:\\\/\\\/event-box.be\\\/#\\\/schema\\\/logo\\\/image\\\/\",\"url\":\"https:\\\/\\\/event-box.be\\\/wp-content\\\/uploads\\\/2024\\\/09\\\/Event-box-bleu-a-lendroit-PNG-2-002-1.png\",\"contentUrl\":\"https:\\\/\\\/event-box.be\\\/wp-content\\\/uploads\\\/2024\\\/09\\\/Event-box-bleu-a-lendroit-PNG-2-002-1.png\",\"width\":1692,\"height\":580,\"caption\":\"Event-box\"},\"image\":{\"@id\":\"https:\\\/\\\/event-box.be\\\/#\\\/schema\\\/logo\\\/image\\\/\"},\"sameAs\":[\"https:\\\/\\\/www.facebook.com\\\/profile.php?id=100076146701741\"]}]}<\/script>\n<!-- \/ Yoast SEO plugin. -->","yoast_head_json":{"title":"Garden Party - Event-box vous propose des concepts originaux","description":"Vous souhaitez ajouter une touche d'originalit\u00e9 \u00e0 vos \u00e9v\u00e8nements sans r\u00e9fl\u00e9chir \u00e0 une formule sur-mesure ? Nous l'avons cr\u00e9\u00e9e pour vous !","robots":{"index":"index","follow":"follow","max-snippet":"max-snippet:-1","max-image-preview":"max-image-preview:large","max-video-preview":"max-video-preview:-1"},"canonical":"https:\/\/event-box.be\/index.php\/nos-concepts-2\/concept-garden-party\/","og_locale":"fr_FR","og_type":"article","og_title":"Garden Party - Event-box vous propose des concepts originaux","og_description":"Vous souhaitez ajouter une touche d'originalit\u00e9 \u00e0 vos \u00e9v\u00e8nements sans r\u00e9fl\u00e9chir \u00e0 une formule sur-mesure ? Nous l'avons cr\u00e9\u00e9e pour vous !","og_url":"https:\/\/event-box.be\/index.php\/nos-concepts-2\/concept-garden-party\/","og_site_name":"Event-box","article_publisher":"https:\/\/www.facebook.com\/profile.php?id=100076146701741","article_modified_time":"2025-07-17T12:33:43+00:00","og_image":[{"width":1530,"height":2040,"url":"https:\/\/event-box.be\/wp-content\/uploads\/2025\/07\/Rorive3.jpg","type":"image\/jpeg"}],"twitter_card":"summary_large_image","twitter_misc":{"Dur\u00e9e de lecture estim\u00e9e":"3 minutes"},"schema":{"@context":"https:\/\/schema.org","@graph":[{"@type":"WebPage","@id":"https:\/\/event-box.be\/index.php\/nos-concepts-2\/concept-garden-party\/","url":"https:\/\/event-box.be\/index.php\/nos-concepts-2\/concept-garden-party\/","name":"Garden Party - Event-box vous propose des concepts originaux","isPartOf":{"@id":"https:\/\/event-box.be\/#website"},"primaryImageOfPage":{"@id":"https:\/\/event-box.be\/index.php\/nos-concepts-2\/concept-garden-party\/#primaryimage"},"image":{"@id":"https:\/\/event-box.be\/index.php\/nos-concepts-2\/concept-garden-party\/#primaryimage"},"thumbnailUrl":"https:\/\/event-box.be\/wp-content\/uploads\/2025\/07\/Rorive3.jpg","datePublished":"2025-07-17T11:54:29+00:00","dateModified":"2025-07-17T12:33:43+00:00","description":"Vous souhaitez ajouter une touche d'originalit\u00e9 \u00e0 vos \u00e9v\u00e8nements sans r\u00e9fl\u00e9chir \u00e0 une formule sur-mesure ? Nous l'avons cr\u00e9\u00e9e pour vous !","breadcrumb":{"@id":"https:\/\/event-box.be\/index.php\/nos-concepts-2\/concept-garden-party\/#breadcrumb"},"inLanguage":"fr-FR","potentialAction":[{"@type":"ReadAction","target":["https:\/\/event-box.be\/index.php\/nos-concepts-2\/concept-garden-party\/"]}]},{"@type":"ImageObject","inLanguage":"fr-FR","@id":"https:\/\/event-box.be\/index.php\/nos-concepts-2\/concept-garden-party\/#primaryimage","url":"https:\/\/event-box.be\/wp-content\/uploads\/2025\/07\/Rorive3.jpg","contentUrl":"https:\/\/event-box.be\/wp-content\/uploads\/2025\/07\/Rorive3.jpg","width":1530,"height":2040},{"@type":"BreadcrumbList","@id":"https:\/\/event-box.be\/index.php\/nos-concepts-2\/concept-garden-party\/#breadcrumb","itemListElement":[{"@type":"ListItem","position":1,"name":"Accueil","item":"https:\/\/event-box.be\/"},{"@type":"ListItem","position":2,"name":"Nos concepts","item":"https:\/\/event-box.be\/index.php\/nos-concepts-2\/"},{"@type":"ListItem","position":3,"name":"Garden Party"}]},{"@type":"WebSite","@id":"https:\/\/event-box.be\/#website","url":"https:\/\/event-box.be\/","name":"Event-box","description":"Cr\u00e9ateur d ambiance","publisher":{"@id":"https:\/\/event-box.be\/#organization"},"potentialAction":[{"@type":"SearchAction","target":{"@type":"EntryPoint","urlTemplate":"https:\/\/event-box.be\/?s={search_term_string}"},"query-input":{"@type":"PropertyValueSpecification","valueRequired":true,"valueName":"search_term_string"}}],"inLanguage":"fr-FR"},{"@type":"Organization","@id":"https:\/\/event-box.be\/#organization","name":"Event-box","url":"https:\/\/event-box.be\/","logo":{"@type":"ImageObject","inLanguage":"fr-FR","@id":"https:\/\/event-box.be\/#\/schema\/logo\/image\/","url":"https:\/\/event-box.be\/wp-content\/uploads\/2024\/09\/Event-box-bleu-a-lendroit-PNG-2-002-1.png","contentUrl":"https:\/\/event-box.be\/wp-content\/uploads\/2024\/09\/Event-box-bleu-a-lendroit-PNG-2-002-1.png","width":1692,"height":580,"caption":"Event-box"},"image":{"@id":"https:\/\/event-box.be\/#\/schema\/logo\/image\/"},"sameAs":["https:\/\/www.facebook.com\/profile.php?id=100076146701741"]}]}},"_links":{"self":[{"href":"https:\/\/event-box.be\/index.php\/wp-json\/wp\/v2\/pages\/5079","targetHints":{"allow":["GET"]}}],"collection":[{"href":"https:\/\/event-box.be\/index.php\/wp-json\/wp\/v2\/pages"}],"about":[{"href":"https:\/\/event-box.be\/index.php\/wp-json\/wp\/v2\/types\/page"}],"author":[{"embeddable":true,"href":"https:\/\/event-box.be\/index.php\/wp-json\/wp\/v2\/users\/2"}],"replies":[{"embeddable":true,"href":"https:\/\/event-box.be\/index.php\/wp-json\/wp\/v2\/comments?post=5079"}],"version-history":[{"count":7,"href":"https:\/\/event-box.be\/index.php\/wp-json\/wp\/v2\/pages\/5079\/revisions"}],"predecessor-version":[{"id":5115,"href":"https:\/\/event-box.be\/index.php\/wp-json\/wp\/v2\/pages\/5079\/revisions\/5115"}],"up":[{"embeddable":true,"href":"https:\/\/event-box.be\/index.php\/wp-json\/wp\/v2\/pages\/4920"}],"wp:featuredmedia":[{"embeddable":true,"href":"https:\/\/event-box.be\/index.php\/wp-json\/wp\/v2\/media\/5082"}],"wp:attachment":[{"href":"https:\/\/event-box.be\/index.php\/wp-json\/wp\/v2\/media?parent=5079"}],"curies":[{"name":"wp","href":"https:\/\/api.w.org\/{rel}","templated":true}]}}