{"id":369,"date":"2021-07-07T09:03:36","date_gmt":"2021-07-07T09:03:36","guid":{"rendered":"https:\/\/bridge439.qodeinteractive.com\/?page_id=369"},"modified":"2024-09-16T09:38:55","modified_gmt":"2024-09-16T07:38:55","slug":"lequipe-devent-box","status":"publish","type":"page","link":"https:\/\/event-box.be\/index.php\/lequipe-devent-box\/","title":{"rendered":"Qui sommes-nous?"},"content":{"rendered":"\t\t<div data-elementor-type=\"wp-page\" data-elementor-id=\"369\" class=\"elementor elementor-369\" data-elementor-post-type=\"page\">\n\t\t\t\t\t\t<section class=\"elementor-section elementor-top-section elementor-element elementor-element-aa4bde7 elementor-section-full_width qode_elementor_container_inner elementor-section-height-default elementor-section-height-default parallax_section_no\" data-id=\"aa4bde7\" data-element_type=\"section\" data-e-type=\"section\">\n\t\t\t\t\t\t<div class=\"elementor-container elementor-column-gap-default\">\n\t\t\t\t\t<div class=\"elementor-column elementor-col-100 elementor-top-column elementor-element elementor-element-224e3f9\" data-id=\"224e3f9\" data-element_type=\"column\" data-e-type=\"column\">\n\t\t\t<div class=\"elementor-widget-wrap elementor-element-populated\">\n\t\t\t\t\t\t<div class=\"elementor-element elementor-element-7fb5cde elementor-widget elementor-widget-image\" data-id=\"7fb5cde\" data-element_type=\"widget\" data-e-type=\"widget\" data-widget_type=\"image.default\">\n\t\t\t\t<div class=\"elementor-widget-container\">\n\t\t\t\t\t\t\t\t\t\t\t\t\t\t\t\t<a href=\"http:\/\/event-box.be\/index.php\/contact\/\">\n\t\t\t\t\t\t\t<img fetchpriority=\"high\" decoding=\"async\" width=\"2048\" height=\"1133\" src=\"https:\/\/event-box.be\/wp-content\/uploads\/2024\/09\/Eric-Flo-2b.jpg\" class=\"attachment-full size-full wp-image-4590\" alt=\"\" srcset=\"https:\/\/event-box.be\/wp-content\/uploads\/2024\/09\/Eric-Flo-2b.jpg 2048w, https:\/\/event-box.be\/wp-content\/uploads\/2024\/09\/Eric-Flo-2b-300x166.jpg 300w, https:\/\/event-box.be\/wp-content\/uploads\/2024\/09\/Eric-Flo-2b-1024x567.jpg 1024w, https:\/\/event-box.be\/wp-content\/uploads\/2024\/09\/Eric-Flo-2b-768x425.jpg 768w, https:\/\/event-box.be\/wp-content\/uploads\/2024\/09\/Eric-Flo-2b-1536x850.jpg 1536w, https:\/\/event-box.be\/wp-content\/uploads\/2024\/09\/Eric-Flo-2b-700x387.jpg 700w\" sizes=\"(max-width: 2048px) 100vw, 2048px\" \/>\t\t\t\t\t\t\t\t<\/a>\n\t\t\t\t\t\t\t\t\t\t\t\t\t\t\t<\/div>\n\t\t\t\t<\/div>\n\t\t\t\t<div class=\"elementor-element elementor-element-72a1038 elementor-widget elementor-widget-spacer\" data-id=\"72a1038\" data-element_type=\"widget\" data-e-type=\"widget\" data-widget_type=\"spacer.default\">\n\t\t\t\t<div class=\"elementor-widget-container\">\n\t\t\t\t\t\t\t<div class=\"elementor-spacer\">\n\t\t\t<div class=\"elementor-spacer-inner\"><\/div>\n\t\t<\/div>\n\t\t\t\t\t\t<\/div>\n\t\t\t\t<\/div>\n\t\t\t\t<div class=\"elementor-element elementor-element-88040f0 elementor-widget elementor-widget-heading\" data-id=\"88040f0\" data-element_type=\"widget\" data-e-type=\"widget\" data-widget_type=\"heading.default\">\n\t\t\t\t<div class=\"elementor-widget-container\">\n\t\t\t\t\t<h3 class=\"elementor-heading-title elementor-size-default\">L'\u00e9quipe d'Event Box<\/h3>\t\t\t\t<\/div>\n\t\t\t\t<\/div>\n\t\t\t\t<div class=\"elementor-element elementor-element-4112194 elementor-widget elementor-widget-spacer\" data-id=\"4112194\" data-element_type=\"widget\" data-e-type=\"widget\" data-widget_type=\"spacer.default\">\n\t\t\t\t<div class=\"elementor-widget-container\">\n\t\t\t\t\t\t\t<div class=\"elementor-spacer\">\n\t\t\t<div class=\"elementor-spacer-inner\"><\/div>\n\t\t<\/div>\n\t\t\t\t\t\t<\/div>\n\t\t\t\t<\/div>\n\t\t\t\t\t<\/div>\n\t\t<\/div>\n\t\t\t\t\t<\/div>\n\t\t<\/section>\n\t\t\t\t<section class=\"elementor-section elementor-top-section elementor-element elementor-element-5bb4d8a elementor-section-full_width qode_elementor_container_inner elementor-section-height-default elementor-section-height-default parallax_section_no\" data-id=\"5bb4d8a\" data-element_type=\"section\" data-e-type=\"section\">\n\t\t\t\t\t\t<div class=\"elementor-container elementor-column-gap-default\">\n\t\t\t\t\t<div class=\"elementor-column elementor-col-50 elementor-top-column elementor-element elementor-element-3c94841\" data-id=\"3c94841\" data-element_type=\"column\" data-e-type=\"column\">\n\t\t\t<div class=\"elementor-widget-wrap elementor-element-populated\">\n\t\t\t\t\t\t<div class=\"elementor-element elementor-element-63bb8cc elementor-widget elementor-widget-image\" data-id=\"63bb8cc\" data-element_type=\"widget\" data-e-type=\"widget\" data-widget_type=\"image.default\">\n\t\t\t\t<div class=\"elementor-widget-container\">\n\t\t\t\t\t\t\t\t\t\t\t\t\t\t\t\t<a href=\"http:\/\/event-box.be\/index.php\/contact\/\">\n\t\t\t\t\t\t\t<img decoding=\"async\" width=\"1333\" height=\"2000\" src=\"https:\/\/event-box.be\/wp-content\/uploads\/2022\/12\/24-11-2022_a_13.02.25A_Portraits_3.jpg\" class=\"attachment-full size-full wp-image-1902\" alt=\"Eric\" srcset=\"https:\/\/event-box.be\/wp-content\/uploads\/2022\/12\/24-11-2022_a_13.02.25A_Portraits_3.jpg 1333w, https:\/\/event-box.be\/wp-content\/uploads\/2022\/12\/24-11-2022_a_13.02.25A_Portraits_3-200x300.jpg 200w, https:\/\/event-box.be\/wp-content\/uploads\/2022\/12\/24-11-2022_a_13.02.25A_Portraits_3-682x1024.jpg 682w, https:\/\/event-box.be\/wp-content\/uploads\/2022\/12\/24-11-2022_a_13.02.25A_Portraits_3-768x1152.jpg 768w, https:\/\/event-box.be\/wp-content\/uploads\/2022\/12\/24-11-2022_a_13.02.25A_Portraits_3-1024x1536.jpg 1024w, https:\/\/event-box.be\/wp-content\/uploads\/2022\/12\/24-11-2022_a_13.02.25A_Portraits_3-700x1050.jpg 700w\" sizes=\"(max-width: 1333px) 100vw, 1333px\" \/>\t\t\t\t\t\t\t\t<\/a>\n\t\t\t\t\t\t\t\t\t\t\t\t\t\t\t<\/div>\n\t\t\t\t<\/div>\n\t\t\t\t<div class=\"elementor-element elementor-element-1166370 elementor-widget elementor-widget-spacer\" data-id=\"1166370\" data-element_type=\"widget\" data-e-type=\"widget\" data-widget_type=\"spacer.default\">\n\t\t\t\t<div class=\"elementor-widget-container\">\n\t\t\t\t\t\t\t<div class=\"elementor-spacer\">\n\t\t\t<div class=\"elementor-spacer-inner\"><\/div>\n\t\t<\/div>\n\t\t\t\t\t\t<\/div>\n\t\t\t\t<\/div>\n\t\t\t\t<div class=\"elementor-element elementor-element-182b21c elementor-widget elementor-widget-text-editor\" data-id=\"182b21c\" data-element_type=\"widget\" data-e-type=\"widget\" data-widget_type=\"text-editor.default\">\n\t\t\t\t<div class=\"elementor-widget-container\">\n\t\t\t\t\t\t\t\t\t<p><strong>Eric<\/strong>, tout un programme&nbsp;! Il a eu plusieurs vies&nbsp;et, comme un cam\u00e9l\u00e9on, s\u2019adapte toujours \u00e0 tout, sait rebondir mieux que personne et sans jamais se plaindre. Eric c\u2019est l\u2019inventivit\u00e9 sans limite, un moteur incroyable dans une entreprise et une disponibilit\u00e9 pour l\u2019autre qu\u2019on a rarement vue ailleurs. Avec sa voix de cin\u00e9ma, son exp\u00e9rience de plus de dix ans en radio et son aisance en public, il est aussi un animateur hors pair ! L&rsquo;homme parfait, vous dites ? Peut-\u00eatre&#8230; Mais attention : qui s\u2019y frotte s\u2019y pique&nbsp;!<\/p>\t\t\t\t\t\t\t\t<\/div>\n\t\t\t\t<\/div>\n\t\t\t\t\t<\/div>\n\t\t<\/div>\n\t\t\t\t<div class=\"elementor-column elementor-col-50 elementor-top-column elementor-element elementor-element-1c06159\" data-id=\"1c06159\" data-element_type=\"column\" data-e-type=\"column\">\n\t\t\t<div class=\"elementor-widget-wrap elementor-element-populated\">\n\t\t\t\t\t\t<div class=\"elementor-element elementor-element-e6caf82 elementor-widget elementor-widget-image\" data-id=\"e6caf82\" data-element_type=\"widget\" data-e-type=\"widget\" data-widget_type=\"image.default\">\n\t\t\t\t<div class=\"elementor-widget-container\">\n\t\t\t\t\t\t\t\t\t\t\t\t\t\t\t\t<a href=\"http:\/\/event-box.be\/index.php\/contact\/\">\n\t\t\t\t\t\t\t<img decoding=\"async\" width=\"1333\" height=\"2000\" src=\"https:\/\/event-box.be\/wp-content\/uploads\/2022\/12\/24-11-2022_a_13.02.25A_Portraits_1.jpg\" class=\"attachment-full size-full wp-image-1906\" alt=\"Floriane\" srcset=\"https:\/\/event-box.be\/wp-content\/uploads\/2022\/12\/24-11-2022_a_13.02.25A_Portraits_1.jpg 1333w, https:\/\/event-box.be\/wp-content\/uploads\/2022\/12\/24-11-2022_a_13.02.25A_Portraits_1-200x300.jpg 200w, https:\/\/event-box.be\/wp-content\/uploads\/2022\/12\/24-11-2022_a_13.02.25A_Portraits_1-682x1024.jpg 682w, https:\/\/event-box.be\/wp-content\/uploads\/2022\/12\/24-11-2022_a_13.02.25A_Portraits_1-768x1152.jpg 768w, https:\/\/event-box.be\/wp-content\/uploads\/2022\/12\/24-11-2022_a_13.02.25A_Portraits_1-1024x1536.jpg 1024w, https:\/\/event-box.be\/wp-content\/uploads\/2022\/12\/24-11-2022_a_13.02.25A_Portraits_1-700x1050.jpg 700w\" sizes=\"(max-width: 1333px) 100vw, 1333px\" \/>\t\t\t\t\t\t\t\t<\/a>\n\t\t\t\t\t\t\t\t\t\t\t\t\t\t\t<\/div>\n\t\t\t\t<\/div>\n\t\t\t\t<div class=\"elementor-element elementor-element-6abcb60 elementor-widget elementor-widget-spacer\" data-id=\"6abcb60\" data-element_type=\"widget\" data-e-type=\"widget\" data-widget_type=\"spacer.default\">\n\t\t\t\t<div class=\"elementor-widget-container\">\n\t\t\t\t\t\t\t<div class=\"elementor-spacer\">\n\t\t\t<div class=\"elementor-spacer-inner\"><\/div>\n\t\t<\/div>\n\t\t\t\t\t\t<\/div>\n\t\t\t\t<\/div>\n\t\t\t\t<div class=\"elementor-element elementor-element-bac0f2f elementor-widget elementor-widget-text-editor\" data-id=\"bac0f2f\" data-element_type=\"widget\" data-e-type=\"widget\" data-widget_type=\"text-editor.default\">\n\t\t\t\t<div class=\"elementor-widget-container\">\n\t\t\t\t\t\t\t\t\t<p><strong>Floriane<\/strong>, c\u2019est la force tranquille n\u00e9cessaire pour ma\u00eetriser son associ\u00e9 parfois explosif, et qui est capable de regarder les temp\u00eates passer dans la joie et la bonne humeur. C\u2019est la positivit\u00e9 sans limite, un cerveau cr\u00e9atif nourri \u00e0 la musique rock, une plume franche un peu d\u00e9jant\u00e9e et de solides connaissances en digital. Son r\u00eave depuis toujours ? D\u00e9velopper sa propre soci\u00e9t\u00e9 et laisser enfin sortir son esprit d\u2019entrepreneuse. Bon, apr\u00e8s, avec elle, il faut que tout aille vite et bien. Impatiente ? Pas du tout\u2026<span class=\"Apple-converted-space\">\u00a0<\/span><\/p><div id=\"ConnectiveDocSignExtentionInstalled\" data-extension-version=\"1.0.4\">\u00a0<\/div>\t\t\t\t\t\t\t\t<\/div>\n\t\t\t\t<\/div>\n\t\t\t\t\t<\/div>\n\t\t<\/div>\n\t\t\t\t\t<\/div>\n\t\t<\/section>\n\t\t\t\t<section class=\"elementor-section elementor-top-section elementor-element elementor-element-d90322a elementor-section-boxed elementor-section-height-default elementor-section-height-default parallax_section_no qode_elementor_container_no\" data-id=\"d90322a\" data-element_type=\"section\" data-e-type=\"section\">\n\t\t\t\t\t\t<div class=\"elementor-container elementor-column-gap-default\">\n\t\t\t\t\t<div class=\"elementor-column elementor-col-100 elementor-top-column elementor-element elementor-element-d9e4bd7\" data-id=\"d9e4bd7\" data-element_type=\"column\" data-e-type=\"column\">\n\t\t\t<div class=\"elementor-widget-wrap elementor-element-populated\">\n\t\t\t\t\t\t<div class=\"elementor-element elementor-element-7450d3c elementor-widget elementor-widget-heading\" data-id=\"7450d3c\" data-element_type=\"widget\" data-e-type=\"widget\" data-widget_type=\"heading.default\">\n\t\t\t\t<div class=\"elementor-widget-container\">\n\t\t\t\t\t<h3 class=\"elementor-heading-title elementor-size-default\">Pr\u00eat \u00e0 nous faire confiance ?<\/h3>\t\t\t\t<\/div>\n\t\t\t\t<\/div>\n\t\t\t\t\t<\/div>\n\t\t<\/div>\n\t\t\t\t\t<\/div>\n\t\t<\/section>\n\t\t\t\t<section class=\"elementor-section elementor-top-section elementor-element elementor-element-a546883 elementor-section-boxed elementor-section-height-default elementor-section-height-default parallax_section_no qode_elementor_container_no\" data-id=\"a546883\" data-element_type=\"section\" data-e-type=\"section\">\n\t\t\t\t\t\t<div class=\"elementor-container elementor-column-gap-default\">\n\t\t\t\t\t<div class=\"elementor-column elementor-col-100 elementor-top-column elementor-element elementor-element-0537ed1\" data-id=\"0537ed1\" data-element_type=\"column\" data-e-type=\"column\">\n\t\t\t<div class=\"elementor-widget-wrap elementor-element-populated\">\n\t\t\t\t\t\t<div class=\"elementor-element elementor-element-69858fb elementor-align-center elementor-widget elementor-widget-button\" data-id=\"69858fb\" data-element_type=\"widget\" data-e-type=\"widget\" data-widget_type=\"button.default\">\n\t\t\t\t<div class=\"elementor-widget-container\">\n\t\t\t\t\t\t\t\t\t<div class=\"elementor-button-wrapper\">\n\t\t\t\t\t<a class=\"elementor-button elementor-button-link elementor-size-lg\" href=\"http:\/\/event-box.be\/index.php\/contact\/\">\n\t\t\t\t\t\t<span class=\"elementor-button-content-wrapper\">\n\t\t\t\t\t\t\t\t\t<span class=\"elementor-button-text\">Contactez-nous<\/span>\n\t\t\t\t\t<\/span>\n\t\t\t\t\t<\/a>\n\t\t\t\t<\/div>\n\t\t\t\t\t\t\t\t<\/div>\n\t\t\t\t<\/div>\n\t\t\t\t\t<\/div>\n\t\t<\/div>\n\t\t\t\t\t<\/div>\n\t\t<\/section>\n\t\t\t\t<\/div>\n\t\t","protected":false},"excerpt":{"rendered":"<p>L&rsquo;\u00e9quipe d&rsquo;Event Box Eric, tout un programme&nbsp;! Il a eu plusieurs vies&nbsp;et, comme un cam\u00e9l\u00e9on, s\u2019adapte toujours \u00e0 tout, sait rebondir mieux que personne et sans jamais se plaindre. Eric c\u2019est l\u2019inventivit\u00e9 sans limite, un moteur incroyable dans une entreprise et une disponibilit\u00e9 pour l\u2019autre&#8230;<\/p>\n","protected":false},"author":1,"featured_media":0,"parent":0,"menu_order":0,"comment_status":"closed","ping_status":"closed","template":"full_width.php","meta":{"_exactmetrics_skip_tracking":false,"_exactmetrics_sitenote_active":false,"_exactmetrics_sitenote_note":"","_exactmetrics_sitenote_category":0,"footnotes":""},"class_list":["post-369","page","type-page","status-publish","hentry"],"yoast_head":"<!-- This site is optimized with the Yoast SEO plugin v27.4 - https:\/\/yoast.com\/product\/yoast-seo-wordpress\/ -->\n<title>Qui sommes-nous? - Event-box<\/title>\n<meta name=\"description\" content=\"Qui sommes-nous ? Une \u00e9quipe compos\u00e9e de trois anciens coll\u00e8gues qui voulaient depuis toujours travailler ensemble pour animer vos \u00e9v\u00e8nements\" \/>\n<meta name=\"robots\" content=\"index, follow, max-snippet:-1, max-image-preview:large, max-video-preview:-1\" \/>\n<link rel=\"canonical\" href=\"https:\/\/event-box.be\/index.php\/lequipe-devent-box\/\" \/>\n<meta property=\"og:locale\" content=\"fr_FR\" \/>\n<meta property=\"og:type\" content=\"article\" \/>\n<meta property=\"og:title\" content=\"Qui sommes-nous? - Event-box\" \/>\n<meta property=\"og:description\" content=\"Qui sommes-nous ? Une \u00e9quipe compos\u00e9e de trois anciens coll\u00e8gues qui voulaient depuis toujours travailler ensemble pour animer vos \u00e9v\u00e8nements\" \/>\n<meta property=\"og:url\" content=\"https:\/\/event-box.be\/index.php\/lequipe-devent-box\/\" \/>\n<meta property=\"og:site_name\" content=\"Event-box\" \/>\n<meta property=\"article:publisher\" content=\"https:\/\/www.facebook.com\/profile.php?id=100076146701741\" \/>\n<meta property=\"article:modified_time\" content=\"2024-09-16T07:38:55+00:00\" \/>\n<meta property=\"og:image\" content=\"http:\/\/event-box.be\/wp-content\/uploads\/2024\/09\/Eric-Flo-2b.jpg\" \/>\n<meta name=\"twitter:card\" content=\"summary_large_image\" \/>\n<meta name=\"twitter:label1\" content=\"Dur\u00e9e de lecture estim\u00e9e\" \/>\n\t<meta name=\"twitter:data1\" content=\"2 minutes\" \/>\n<script type=\"application\/ld+json\" class=\"yoast-schema-graph\">{\"@context\":\"https:\\\/\\\/schema.org\",\"@graph\":[{\"@type\":\"WebPage\",\"@id\":\"https:\\\/\\\/event-box.be\\\/index.php\\\/lequipe-devent-box\\\/\",\"url\":\"https:\\\/\\\/event-box.be\\\/index.php\\\/lequipe-devent-box\\\/\",\"name\":\"Qui sommes-nous? - Event-box\",\"isPartOf\":{\"@id\":\"https:\\\/\\\/event-box.be\\\/#website\"},\"primaryImageOfPage\":{\"@id\":\"https:\\\/\\\/event-box.be\\\/index.php\\\/lequipe-devent-box\\\/#primaryimage\"},\"image\":{\"@id\":\"https:\\\/\\\/event-box.be\\\/index.php\\\/lequipe-devent-box\\\/#primaryimage\"},\"thumbnailUrl\":\"http:\\\/\\\/event-box.be\\\/wp-content\\\/uploads\\\/2024\\\/09\\\/Eric-Flo-2b.jpg\",\"datePublished\":\"2021-07-07T09:03:36+00:00\",\"dateModified\":\"2024-09-16T07:38:55+00:00\",\"description\":\"Qui sommes-nous ? Une \u00e9quipe compos\u00e9e de trois anciens coll\u00e8gues qui voulaient depuis toujours travailler ensemble pour animer vos \u00e9v\u00e8nements\",\"breadcrumb\":{\"@id\":\"https:\\\/\\\/event-box.be\\\/index.php\\\/lequipe-devent-box\\\/#breadcrumb\"},\"inLanguage\":\"fr-FR\",\"potentialAction\":[{\"@type\":\"ReadAction\",\"target\":[\"https:\\\/\\\/event-box.be\\\/index.php\\\/lequipe-devent-box\\\/\"]}]},{\"@type\":\"ImageObject\",\"inLanguage\":\"fr-FR\",\"@id\":\"https:\\\/\\\/event-box.be\\\/index.php\\\/lequipe-devent-box\\\/#primaryimage\",\"url\":\"https:\\\/\\\/event-box.be\\\/wp-content\\\/uploads\\\/2024\\\/09\\\/Eric-Flo-2b.jpg\",\"contentUrl\":\"https:\\\/\\\/event-box.be\\\/wp-content\\\/uploads\\\/2024\\\/09\\\/Eric-Flo-2b.jpg\",\"width\":2048,\"height\":1133},{\"@type\":\"BreadcrumbList\",\"@id\":\"https:\\\/\\\/event-box.be\\\/index.php\\\/lequipe-devent-box\\\/#breadcrumb\",\"itemListElement\":[{\"@type\":\"ListItem\",\"position\":1,\"name\":\"Accueil\",\"item\":\"https:\\\/\\\/event-box.be\\\/\"},{\"@type\":\"ListItem\",\"position\":2,\"name\":\"Qui sommes-nous?\"}]},{\"@type\":\"WebSite\",\"@id\":\"https:\\\/\\\/event-box.be\\\/#website\",\"url\":\"https:\\\/\\\/event-box.be\\\/\",\"name\":\"Event-box\",\"description\":\"Cr\u00e9ateur d ambiance\",\"publisher\":{\"@id\":\"https:\\\/\\\/event-box.be\\\/#organization\"},\"potentialAction\":[{\"@type\":\"SearchAction\",\"target\":{\"@type\":\"EntryPoint\",\"urlTemplate\":\"https:\\\/\\\/event-box.be\\\/?s={search_term_string}\"},\"query-input\":{\"@type\":\"PropertyValueSpecification\",\"valueRequired\":true,\"valueName\":\"search_term_string\"}}],\"inLanguage\":\"fr-FR\"},{\"@type\":\"Organization\",\"@id\":\"https:\\\/\\\/event-box.be\\\/#organization\",\"name\":\"Event-box\",\"url\":\"https:\\\/\\\/event-box.be\\\/\",\"logo\":{\"@type\":\"ImageObject\",\"inLanguage\":\"fr-FR\",\"@id\":\"https:\\\/\\\/event-box.be\\\/#\\\/schema\\\/logo\\\/image\\\/\",\"url\":\"https:\\\/\\\/event-box.be\\\/wp-content\\\/uploads\\\/2024\\\/09\\\/Event-box-bleu-a-lendroit-PNG-2-002-1.png\",\"contentUrl\":\"https:\\\/\\\/event-box.be\\\/wp-content\\\/uploads\\\/2024\\\/09\\\/Event-box-bleu-a-lendroit-PNG-2-002-1.png\",\"width\":1692,\"height\":580,\"caption\":\"Event-box\"},\"image\":{\"@id\":\"https:\\\/\\\/event-box.be\\\/#\\\/schema\\\/logo\\\/image\\\/\"},\"sameAs\":[\"https:\\\/\\\/www.facebook.com\\\/profile.php?id=100076146701741\"]}]}<\/script>\n<!-- \/ Yoast SEO plugin. -->","yoast_head_json":{"title":"Qui sommes-nous? - Event-box","description":"Qui sommes-nous ? Une \u00e9quipe compos\u00e9e de trois anciens coll\u00e8gues qui voulaient depuis toujours travailler ensemble pour animer vos \u00e9v\u00e8nements","robots":{"index":"index","follow":"follow","max-snippet":"max-snippet:-1","max-image-preview":"max-image-preview:large","max-video-preview":"max-video-preview:-1"},"canonical":"https:\/\/event-box.be\/index.php\/lequipe-devent-box\/","og_locale":"fr_FR","og_type":"article","og_title":"Qui sommes-nous? - Event-box","og_description":"Qui sommes-nous ? Une \u00e9quipe compos\u00e9e de trois anciens coll\u00e8gues qui voulaient depuis toujours travailler ensemble pour animer vos \u00e9v\u00e8nements","og_url":"https:\/\/event-box.be\/index.php\/lequipe-devent-box\/","og_site_name":"Event-box","article_publisher":"https:\/\/www.facebook.com\/profile.php?id=100076146701741","article_modified_time":"2024-09-16T07:38:55+00:00","og_image":[{"url":"http:\/\/event-box.be\/wp-content\/uploads\/2024\/09\/Eric-Flo-2b.jpg","type":"","width":"","height":""}],"twitter_card":"summary_large_image","twitter_misc":{"Dur\u00e9e de lecture estim\u00e9e":"2 minutes"},"schema":{"@context":"https:\/\/schema.org","@graph":[{"@type":"WebPage","@id":"https:\/\/event-box.be\/index.php\/lequipe-devent-box\/","url":"https:\/\/event-box.be\/index.php\/lequipe-devent-box\/","name":"Qui sommes-nous? - Event-box","isPartOf":{"@id":"https:\/\/event-box.be\/#website"},"primaryImageOfPage":{"@id":"https:\/\/event-box.be\/index.php\/lequipe-devent-box\/#primaryimage"},"image":{"@id":"https:\/\/event-box.be\/index.php\/lequipe-devent-box\/#primaryimage"},"thumbnailUrl":"http:\/\/event-box.be\/wp-content\/uploads\/2024\/09\/Eric-Flo-2b.jpg","datePublished":"2021-07-07T09:03:36+00:00","dateModified":"2024-09-16T07:38:55+00:00","description":"Qui sommes-nous ? Une \u00e9quipe compos\u00e9e de trois anciens coll\u00e8gues qui voulaient depuis toujours travailler ensemble pour animer vos \u00e9v\u00e8nements","breadcrumb":{"@id":"https:\/\/event-box.be\/index.php\/lequipe-devent-box\/#breadcrumb"},"inLanguage":"fr-FR","potentialAction":[{"@type":"ReadAction","target":["https:\/\/event-box.be\/index.php\/lequipe-devent-box\/"]}]},{"@type":"ImageObject","inLanguage":"fr-FR","@id":"https:\/\/event-box.be\/index.php\/lequipe-devent-box\/#primaryimage","url":"https:\/\/event-box.be\/wp-content\/uploads\/2024\/09\/Eric-Flo-2b.jpg","contentUrl":"https:\/\/event-box.be\/wp-content\/uploads\/2024\/09\/Eric-Flo-2b.jpg","width":2048,"height":1133},{"@type":"BreadcrumbList","@id":"https:\/\/event-box.be\/index.php\/lequipe-devent-box\/#breadcrumb","itemListElement":[{"@type":"ListItem","position":1,"name":"Accueil","item":"https:\/\/event-box.be\/"},{"@type":"ListItem","position":2,"name":"Qui sommes-nous?"}]},{"@type":"WebSite","@id":"https:\/\/event-box.be\/#website","url":"https:\/\/event-box.be\/","name":"Event-box","description":"Cr\u00e9ateur d ambiance","publisher":{"@id":"https:\/\/event-box.be\/#organization"},"potentialAction":[{"@type":"SearchAction","target":{"@type":"EntryPoint","urlTemplate":"https:\/\/event-box.be\/?s={search_term_string}"},"query-input":{"@type":"PropertyValueSpecification","valueRequired":true,"valueName":"search_term_string"}}],"inLanguage":"fr-FR"},{"@type":"Organization","@id":"https:\/\/event-box.be\/#organization","name":"Event-box","url":"https:\/\/event-box.be\/","logo":{"@type":"ImageObject","inLanguage":"fr-FR","@id":"https:\/\/event-box.be\/#\/schema\/logo\/image\/","url":"https:\/\/event-box.be\/wp-content\/uploads\/2024\/09\/Event-box-bleu-a-lendroit-PNG-2-002-1.png","contentUrl":"https:\/\/event-box.be\/wp-content\/uploads\/2024\/09\/Event-box-bleu-a-lendroit-PNG-2-002-1.png","width":1692,"height":580,"caption":"Event-box"},"image":{"@id":"https:\/\/event-box.be\/#\/schema\/logo\/image\/"},"sameAs":["https:\/\/www.facebook.com\/profile.php?id=100076146701741"]}]}},"_links":{"self":[{"href":"https:\/\/event-box.be\/index.php\/wp-json\/wp\/v2\/pages\/369","targetHints":{"allow":["GET"]}}],"collection":[{"href":"https:\/\/event-box.be\/index.php\/wp-json\/wp\/v2\/pages"}],"about":[{"href":"https:\/\/event-box.be\/index.php\/wp-json\/wp\/v2\/types\/page"}],"author":[{"embeddable":true,"href":"https:\/\/event-box.be\/index.php\/wp-json\/wp\/v2\/users\/1"}],"replies":[{"embeddable":true,"href":"https:\/\/event-box.be\/index.php\/wp-json\/wp\/v2\/comments?post=369"}],"version-history":[{"count":140,"href":"https:\/\/event-box.be\/index.php\/wp-json\/wp\/v2\/pages\/369\/revisions"}],"predecessor-version":[{"id":4593,"href":"https:\/\/event-box.be\/index.php\/wp-json\/wp\/v2\/pages\/369\/revisions\/4593"}],"wp:attachment":[{"href":"https:\/\/event-box.be\/index.php\/wp-json\/wp\/v2\/media?parent=369"}],"curies":[{"name":"wp","href":"https:\/\/api.w.org\/{rel}","templated":true}]}}