{"id":3040,"date":"2023-02-28T09:38:30","date_gmt":"2023-02-28T08:38:30","guid":{"rendered":"http:\/\/event-box.be\/?page_id=3040"},"modified":"2023-04-21T13:17:58","modified_gmt":"2023-04-21T11:17:58","slug":"galerie","status":"publish","type":"page","link":"https:\/\/event-box.be\/index.php\/galerie\/","title":{"rendered":"Galerie"},"content":{"rendered":"\n<h4 class=\"wp-block-heading has-text-align-center\">D\u00e9couvrez ou revivez les derniers \u00e9v\u00e8nements d&rsquo;Event Box en images!  <\/h4>\n\n\n\n<!--Lumys-->\n<div id=\"lumys-widget\"><\/div>\n<!--Lumys-->\n<script type=\"text\/javascript\">\n    var lumysUrl = \"https:\/\/app.lumys.photo\";\n    var lumysApiKey = \"11hh9yn30xulq5ba\";\n    \/\/ var lumysCategory = \"votre cat\u00e9gorie\";\n    !function (d, s, w) {\n        if (d.getElementById(w)) return;\n        var g = d.createElement(s), e = d.getElementsByTagName(s)[0]; g.id = w;\n        g.src = lumysUrl + \"\/widget\/lumys-widget-v1.js\";\n        e.parentNode.insertBefore(g, e);\n    }(document, 'script', 'lumys-widget-loader');\n<\/script>\n<!--fin Lumys-->\n\n\n\n<p><\/p>\n","protected":false},"excerpt":{"rendered":"<p>D\u00e9couvrez ou revivez les derniers \u00e9v\u00e8nements d&rsquo;Event Box en images!<\/p>\n","protected":false},"author":2,"featured_media":0,"parent":0,"menu_order":0,"comment_status":"closed","ping_status":"closed","template":"elementor_header_footer","meta":{"_exactmetrics_skip_tracking":false,"_exactmetrics_sitenote_active":false,"_exactmetrics_sitenote_note":"","_exactmetrics_sitenote_category":0,"footnotes":""},"class_list":["post-3040","page","type-page","status-publish","hentry"],"yoast_head":"<!-- This site is optimized with the Yoast SEO plugin v27.4 - https:\/\/yoast.com\/product\/yoast-seo-wordpress\/ -->\n<title>Galerie - Event-box<\/title>\n<meta name=\"description\" content=\"D\u00e9couvrez ou revivez les derniers \u00e9v\u00e8nements d&#039;Event Box en photos et en vid\u00e9os gr\u00e2ce \u00e0 notre galerie illustr\u00e9e !\" \/>\n<meta name=\"robots\" content=\"index, follow, max-snippet:-1, max-image-preview:large, max-video-preview:-1\" \/>\n<link rel=\"canonical\" href=\"https:\/\/event-box.be\/index.php\/galerie\/\" \/>\n<meta property=\"og:locale\" content=\"fr_FR\" \/>\n<meta property=\"og:type\" content=\"article\" \/>\n<meta property=\"og:title\" content=\"Galerie - Event-box\" \/>\n<meta property=\"og:description\" content=\"D\u00e9couvrez ou revivez les derniers \u00e9v\u00e8nements d&#039;Event Box en photos et en vid\u00e9os gr\u00e2ce \u00e0 notre galerie illustr\u00e9e !\" \/>\n<meta property=\"og:url\" content=\"https:\/\/event-box.be\/index.php\/galerie\/\" \/>\n<meta property=\"og:site_name\" content=\"Event-box\" \/>\n<meta property=\"article:publisher\" content=\"https:\/\/www.facebook.com\/profile.php?id=100076146701741\" \/>\n<meta property=\"article:modified_time\" content=\"2023-04-21T11:17:58+00:00\" \/>\n<meta name=\"twitter:card\" content=\"summary_large_image\" \/>\n<meta name=\"twitter:label1\" content=\"Dur\u00e9e de lecture estim\u00e9e\" \/>\n\t<meta name=\"twitter:data1\" content=\"1 minute\" \/>\n<script type=\"application\/ld+json\" class=\"yoast-schema-graph\">{\"@context\":\"https:\\\/\\\/schema.org\",\"@graph\":[{\"@type\":\"WebPage\",\"@id\":\"https:\\\/\\\/event-box.be\\\/index.php\\\/galerie\\\/\",\"url\":\"https:\\\/\\\/event-box.be\\\/index.php\\\/galerie\\\/\",\"name\":\"Galerie - Event-box\",\"isPartOf\":{\"@id\":\"https:\\\/\\\/event-box.be\\\/#website\"},\"datePublished\":\"2023-02-28T08:38:30+00:00\",\"dateModified\":\"2023-04-21T11:17:58+00:00\",\"description\":\"D\u00e9couvrez ou revivez les derniers \u00e9v\u00e8nements d'Event Box en photos et en vid\u00e9os gr\u00e2ce \u00e0 notre galerie illustr\u00e9e !\",\"breadcrumb\":{\"@id\":\"https:\\\/\\\/event-box.be\\\/index.php\\\/galerie\\\/#breadcrumb\"},\"inLanguage\":\"fr-FR\",\"potentialAction\":[{\"@type\":\"ReadAction\",\"target\":[\"https:\\\/\\\/event-box.be\\\/index.php\\\/galerie\\\/\"]}]},{\"@type\":\"BreadcrumbList\",\"@id\":\"https:\\\/\\\/event-box.be\\\/index.php\\\/galerie\\\/#breadcrumb\",\"itemListElement\":[{\"@type\":\"ListItem\",\"position\":1,\"name\":\"Accueil\",\"item\":\"https:\\\/\\\/event-box.be\\\/\"},{\"@type\":\"ListItem\",\"position\":2,\"name\":\"Galerie\"}]},{\"@type\":\"WebSite\",\"@id\":\"https:\\\/\\\/event-box.be\\\/#website\",\"url\":\"https:\\\/\\\/event-box.be\\\/\",\"name\":\"Event-box\",\"description\":\"Cr\u00e9ateur d ambiance\",\"publisher\":{\"@id\":\"https:\\\/\\\/event-box.be\\\/#organization\"},\"potentialAction\":[{\"@type\":\"SearchAction\",\"target\":{\"@type\":\"EntryPoint\",\"urlTemplate\":\"https:\\\/\\\/event-box.be\\\/?s={search_term_string}\"},\"query-input\":{\"@type\":\"PropertyValueSpecification\",\"valueRequired\":true,\"valueName\":\"search_term_string\"}}],\"inLanguage\":\"fr-FR\"},{\"@type\":\"Organization\",\"@id\":\"https:\\\/\\\/event-box.be\\\/#organization\",\"name\":\"Event-box\",\"url\":\"https:\\\/\\\/event-box.be\\\/\",\"logo\":{\"@type\":\"ImageObject\",\"inLanguage\":\"fr-FR\",\"@id\":\"https:\\\/\\\/event-box.be\\\/#\\\/schema\\\/logo\\\/image\\\/\",\"url\":\"https:\\\/\\\/event-box.be\\\/wp-content\\\/uploads\\\/2024\\\/09\\\/Event-box-bleu-a-lendroit-PNG-2-002-1.png\",\"contentUrl\":\"https:\\\/\\\/event-box.be\\\/wp-content\\\/uploads\\\/2024\\\/09\\\/Event-box-bleu-a-lendroit-PNG-2-002-1.png\",\"width\":1692,\"height\":580,\"caption\":\"Event-box\"},\"image\":{\"@id\":\"https:\\\/\\\/event-box.be\\\/#\\\/schema\\\/logo\\\/image\\\/\"},\"sameAs\":[\"https:\\\/\\\/www.facebook.com\\\/profile.php?id=100076146701741\"]}]}<\/script>\n<!-- \/ Yoast SEO plugin. -->","yoast_head_json":{"title":"Galerie - Event-box","description":"D\u00e9couvrez ou revivez les derniers \u00e9v\u00e8nements d'Event Box en photos et en vid\u00e9os gr\u00e2ce \u00e0 notre galerie illustr\u00e9e !","robots":{"index":"index","follow":"follow","max-snippet":"max-snippet:-1","max-image-preview":"max-image-preview:large","max-video-preview":"max-video-preview:-1"},"canonical":"https:\/\/event-box.be\/index.php\/galerie\/","og_locale":"fr_FR","og_type":"article","og_title":"Galerie - Event-box","og_description":"D\u00e9couvrez ou revivez les derniers \u00e9v\u00e8nements d'Event Box en photos et en vid\u00e9os gr\u00e2ce \u00e0 notre galerie illustr\u00e9e !","og_url":"https:\/\/event-box.be\/index.php\/galerie\/","og_site_name":"Event-box","article_publisher":"https:\/\/www.facebook.com\/profile.php?id=100076146701741","article_modified_time":"2023-04-21T11:17:58+00:00","twitter_card":"summary_large_image","twitter_misc":{"Dur\u00e9e de lecture estim\u00e9e":"1 minute"},"schema":{"@context":"https:\/\/schema.org","@graph":[{"@type":"WebPage","@id":"https:\/\/event-box.be\/index.php\/galerie\/","url":"https:\/\/event-box.be\/index.php\/galerie\/","name":"Galerie - Event-box","isPartOf":{"@id":"https:\/\/event-box.be\/#website"},"datePublished":"2023-02-28T08:38:30+00:00","dateModified":"2023-04-21T11:17:58+00:00","description":"D\u00e9couvrez ou revivez les derniers \u00e9v\u00e8nements d'Event Box en photos et en vid\u00e9os gr\u00e2ce \u00e0 notre galerie illustr\u00e9e !","breadcrumb":{"@id":"https:\/\/event-box.be\/index.php\/galerie\/#breadcrumb"},"inLanguage":"fr-FR","potentialAction":[{"@type":"ReadAction","target":["https:\/\/event-box.be\/index.php\/galerie\/"]}]},{"@type":"BreadcrumbList","@id":"https:\/\/event-box.be\/index.php\/galerie\/#breadcrumb","itemListElement":[{"@type":"ListItem","position":1,"name":"Accueil","item":"https:\/\/event-box.be\/"},{"@type":"ListItem","position":2,"name":"Galerie"}]},{"@type":"WebSite","@id":"https:\/\/event-box.be\/#website","url":"https:\/\/event-box.be\/","name":"Event-box","description":"Cr\u00e9ateur d ambiance","publisher":{"@id":"https:\/\/event-box.be\/#organization"},"potentialAction":[{"@type":"SearchAction","target":{"@type":"EntryPoint","urlTemplate":"https:\/\/event-box.be\/?s={search_term_string}"},"query-input":{"@type":"PropertyValueSpecification","valueRequired":true,"valueName":"search_term_string"}}],"inLanguage":"fr-FR"},{"@type":"Organization","@id":"https:\/\/event-box.be\/#organization","name":"Event-box","url":"https:\/\/event-box.be\/","logo":{"@type":"ImageObject","inLanguage":"fr-FR","@id":"https:\/\/event-box.be\/#\/schema\/logo\/image\/","url":"https:\/\/event-box.be\/wp-content\/uploads\/2024\/09\/Event-box-bleu-a-lendroit-PNG-2-002-1.png","contentUrl":"https:\/\/event-box.be\/wp-content\/uploads\/2024\/09\/Event-box-bleu-a-lendroit-PNG-2-002-1.png","width":1692,"height":580,"caption":"Event-box"},"image":{"@id":"https:\/\/event-box.be\/#\/schema\/logo\/image\/"},"sameAs":["https:\/\/www.facebook.com\/profile.php?id=100076146701741"]}]}},"_links":{"self":[{"href":"https:\/\/event-box.be\/index.php\/wp-json\/wp\/v2\/pages\/3040","targetHints":{"allow":["GET"]}}],"collection":[{"href":"https:\/\/event-box.be\/index.php\/wp-json\/wp\/v2\/pages"}],"about":[{"href":"https:\/\/event-box.be\/index.php\/wp-json\/wp\/v2\/types\/page"}],"author":[{"embeddable":true,"href":"https:\/\/event-box.be\/index.php\/wp-json\/wp\/v2\/users\/2"}],"replies":[{"embeddable":true,"href":"https:\/\/event-box.be\/index.php\/wp-json\/wp\/v2\/comments?post=3040"}],"version-history":[{"count":45,"href":"https:\/\/event-box.be\/index.php\/wp-json\/wp\/v2\/pages\/3040\/revisions"}],"predecessor-version":[{"id":3193,"href":"https:\/\/event-box.be\/index.php\/wp-json\/wp\/v2\/pages\/3040\/revisions\/3193"}],"wp:attachment":[{"href":"https:\/\/event-box.be\/index.php\/wp-json\/wp\/v2\/media?parent=3040"}],"curies":[{"name":"wp","href":"https:\/\/api.w.org\/{rel}","templated":true}]}}