{"id":2941,"date":"2023-02-02T15:47:27","date_gmt":"2023-02-02T14:47:27","guid":{"rendered":"http:\/\/event-box.be\/?page_id=2941"},"modified":"2023-10-27T18:06:54","modified_gmt":"2023-10-27T16:06:54","slug":"blog","status":"publish","type":"page","link":"https:\/\/event-box.be\/index.php\/blog\/","title":{"rendered":"Blog"},"content":{"rendered":"\t\t<div data-elementor-type=\"wp-page\" data-elementor-id=\"2941\" class=\"elementor elementor-2941\" data-elementor-post-type=\"page\">\n\t\t\t\t\t\t<section class=\"elementor-section elementor-top-section elementor-element elementor-element-72bbe02 elementor-section-boxed elementor-section-height-default elementor-section-height-default parallax_section_no qode_elementor_container_no\" data-id=\"72bbe02\" data-element_type=\"section\" data-e-type=\"section\">\n\t\t\t\t\t\t<div class=\"elementor-container elementor-column-gap-default\">\n\t\t\t\t\t<div class=\"elementor-column elementor-col-100 elementor-top-column elementor-element elementor-element-f961bc6\" data-id=\"f961bc6\" data-element_type=\"column\" data-e-type=\"column\" data-settings=\"{&quot;background_background&quot;:&quot;classic&quot;}\">\n\t\t\t<div class=\"elementor-widget-wrap elementor-element-populated\">\n\t\t\t\t\t\t<div class=\"elementor-element elementor-element-52b2929 elementor-widget__width-inherit elementor-widget elementor-widget-bridge_masonry_blog\" data-id=\"52b2929\" data-element_type=\"widget\" data-e-type=\"widget\" data-widget_type=\"bridge_masonry_blog.default\">\n\t\t\t\t<div class=\"elementor-widget-container\">\n\t\t\t\t\t<div class='q_masonry_blog'><div class=\"q_masonry_blog_grid_sizer\"><\/div><div class=\"q_masonry_blog_grid_gutter\"><\/div><article  class='post-2968 post type-post status-publish format-standard has-post-thumbnail hentry category-blog category-event-box '><div class=\"q_masonry_blog_post_image\"><a itemprop=\"url\" href=\"https:\/\/event-box.be\/index.php\/2023\/02\/05\/event-box-votre-partenaire-privilegie-pour-tous-vos-evenements\/\" target=\"_self\"><img decoding=\"async\" itemprop=\"image\" src=\"https:\/\/event-box.be\/wp-content\/uploads\/2023\/02\/AUROBINDO-177-scaled.jpg\" \/><\/a><\/div><div class=\"q_masonry_blog_post_text\"><h5 itemprop=\"name\" class=\"q_masonry_blog_title entry_title\"><a itemprop=\"url\" href=\"https:\/\/event-box.be\/index.php\/2023\/02\/05\/event-box-votre-partenaire-privilegie-pour-tous-vos-evenements\/\">Event Box\u00a0: votre partenaire privil\u00e9gi\u00e9 pour tous vos \u00e9v\u00e8nements\u00a0!<\/a><\/h5><p itemprop=\"description\" class=\"q_masonry_blog_excerpt\">Event Box, c'est avant tout une belle histoire ! D\u00e9couvrez d'o\u00f9 est n\u00e9e l'id\u00e9e de devenir votre partenaire privil\u00e9gi\u00e9 pour tous vos \u00e9v\u00e8nements....<\/p><div class=\"q_masonry_blog_post_info\"><span itemprop=\"dateCreated\" class=\"time entry_date updated\">05 f\u00e9vrier, 2023<meta itemprop=\"interactionCount\" content=\"UserComments: <?php echo get_comments_number(qode_get_page_id()); ?>\"\/><\/span><\/div><\/div><\/article><article  class='post-3119 post type-post status-publish format-standard has-post-thumbnail hentry category-blog category-nos-services '><div class=\"q_masonry_blog_post_image\"><a itemprop=\"url\" href=\"https:\/\/event-box.be\/index.php\/2023\/03\/08\/blog-jeux-en-bois\/\" target=\"_self\"><img decoding=\"async\" itemprop=\"image\" src=\"https:\/\/event-box.be\/wp-content\/uploads\/2023\/03\/Grenouille.png\" \/><\/a><\/div><div class=\"q_masonry_blog_post_text\"><h5 itemprop=\"name\" class=\"q_masonry_blog_title entry_title\"><a itemprop=\"url\" href=\"https:\/\/event-box.be\/index.php\/2023\/03\/08\/blog-jeux-en-bois\/\">Les jeux en bois : histoire \u00e0 travers les \u00e2ges&#8230;<\/a><\/h5><p itemprop=\"description\" class=\"q_masonry_blog_excerpt\">D\u00e9couvrez l'histoire des jeux en bois \u00e0 travers les si\u00e8cles et pourquoi, chez Event Box, nous les avons choisis !...<\/p><div class=\"q_masonry_blog_post_info\"><span itemprop=\"dateCreated\" class=\"time entry_date updated\">08 mars, 2023<meta itemprop=\"interactionCount\" content=\"UserComments: <?php echo get_comments_number(qode_get_page_id()); ?>\"\/><\/span><\/div><\/div><\/article><article  class='post-3149 post type-post status-publish format-standard has-post-thumbnail hentry category-blog category-nos-services '><div class=\"q_masonry_blog_post_image\"><a itemprop=\"url\" href=\"https:\/\/event-box.be\/index.php\/2023\/04\/05\/la-petanque-petite-histoire-par-event-box\/\" target=\"_self\"><img decoding=\"async\" itemprop=\"image\" src=\"https:\/\/event-box.be\/wp-content\/uploads\/2023\/04\/2025-07-16-16_41_38-Lumys-Ete-2024-au-Musee-de-la-Vie-Wallonne-\u2014-Mozilla-Firefox.png\" \/><\/a><\/div><div class=\"q_masonry_blog_post_text\"><h5 itemprop=\"name\" class=\"q_masonry_blog_title entry_title\"><a itemprop=\"url\" href=\"https:\/\/event-box.be\/index.php\/2023\/04\/05\/la-petanque-petite-histoire-par-event-box\/\">La p\u00e9tanque : petite histoire\u2026 par Event Box\u00a0!<\/a><\/h5><p itemprop=\"description\" class=\"q_masonry_blog_excerpt\">D\u00e9couvrez l'histoire de ce jeu mythique qu'est la p\u00e9tanque et pourquoi Event Box a choisi de le remettre au go\u00fbt du jour....<\/p><div class=\"q_masonry_blog_post_info\"><span itemprop=\"dateCreated\" class=\"time entry_date updated\">05 avril, 2023<meta itemprop=\"interactionCount\" content=\"UserComments: <?php echo get_comments_number(qode_get_page_id()); ?>\"\/><\/span><\/div><\/div><\/article><article  class='post-3194 post type-post status-publish format-standard has-post-thumbnail hentry category-blog category-business '><div class=\"q_masonry_blog_post_image\"><a itemprop=\"url\" href=\"https:\/\/event-box.be\/index.php\/2023\/04\/25\/devenir-independant\/\" target=\"_self\"><img decoding=\"async\" itemprop=\"image\" src=\"https:\/\/event-box.be\/wp-content\/uploads\/2023\/04\/AUROBINDO-202-scaled.jpg\" \/><\/a><\/div><div class=\"q_masonry_blog_post_text\"><h5 itemprop=\"name\" class=\"q_masonry_blog_title entry_title\"><a itemprop=\"url\" href=\"https:\/\/event-box.be\/index.php\/2023\/04\/25\/devenir-independant\/\">Devenir \u00ab\u00a0ind\u00e9pendant\u00a0\u00bb : changer de vie, de statut, de profession<\/a><\/h5><p itemprop=\"description\" class=\"q_masonry_blog_excerpt\">Devenir ind\u00e9pendant, le r\u00eave ! Vous en \u00eates s\u00fbr ? \u00catre ind\u00e9pendant, c'est choisir une nouvelle vie qui demande du travail et de la cr\u00e9ativit\u00e9. D\u00e9monstration !...<\/p><div class=\"q_masonry_blog_post_info\"><span itemprop=\"dateCreated\" class=\"time entry_date updated\">25 avril, 2023<meta itemprop=\"interactionCount\" content=\"UserComments: <?php echo get_comments_number(qode_get_page_id()); ?>\"\/><\/span><\/div><\/div><\/article><article  class='post-4513 post type-post status-publish format-standard has-post-thumbnail hentry category-blog '><div class=\"q_masonry_blog_post_image\"><a itemprop=\"url\" href=\"https:\/\/event-box.be\/index.php\/2024\/02\/05\/histoire-bilboquet\/\" target=\"_self\"><img decoding=\"async\" itemprop=\"image\" src=\"https:\/\/event-box.be\/wp-content\/uploads\/2023\/08\/bilboquet.jpg\" \/><\/a><\/div><div class=\"q_masonry_blog_post_text\"><h5 itemprop=\"name\" class=\"q_masonry_blog_title entry_title\"><a itemprop=\"url\" href=\"https:\/\/event-box.be\/index.php\/2024\/02\/05\/histoire-bilboquet\/\">L&rsquo;histoire du bilboquet<\/a><\/h5><p itemprop=\"description\" class=\"q_masonry_blog_excerpt\">D\u00e9couvrez l'histoire passionnante de ce petit jeu en bois qui a gagn\u00e9 le c\u0153ur de nombreux pays....<\/p><div class=\"q_masonry_blog_post_info\"><span itemprop=\"dateCreated\" class=\"time entry_date updated\">05 f\u00e9vrier, 2024<meta itemprop=\"interactionCount\" content=\"UserComments: <?php echo get_comments_number(qode_get_page_id()); ?>\"\/><\/span><\/div><\/div><\/article><article  class='post-4515 post type-post status-publish format-standard has-post-thumbnail hentry category-blog '><div class=\"q_masonry_blog_post_image\"><a itemprop=\"url\" href=\"https:\/\/event-box.be\/index.php\/2024\/02\/09\/blog-trou-madame\/\" target=\"_self\"><img decoding=\"async\" itemprop=\"image\" src=\"https:\/\/event-box.be\/wp-content\/uploads\/2023\/08\/trou-madame.jpg\" \/><\/a><\/div><div class=\"q_masonry_blog_post_text\"><h5 itemprop=\"name\" class=\"q_masonry_blog_title entry_title\"><a itemprop=\"url\" href=\"https:\/\/event-box.be\/index.php\/2024\/02\/09\/blog-trou-madame\/\">Le Trou Madame\u00a0: plong\u00e9e au XVIIe si\u00e8cle\u2026<\/a><\/h5><p itemprop=\"description\" class=\"q_masonry_blog_excerpt\">Saviez-vous que le Trou Madame, ou \"jeu de portiques\", \u00e9tait le pr\u00e9f\u00e9r\u00e9 du Roi Louis XIV ?...<\/p><div class=\"q_masonry_blog_post_info\"><span itemprop=\"dateCreated\" class=\"time entry_date updated\">09 f\u00e9vrier, 2024<meta itemprop=\"interactionCount\" content=\"UserComments: <?php echo get_comments_number(qode_get_page_id()); ?>\"\/><\/span><\/div><\/div><\/article><article  class='post-4519 post type-post status-publish format-standard has-post-thumbnail hentry category-blog '><div class=\"q_masonry_blog_post_image\"><a itemprop=\"url\" href=\"https:\/\/event-box.be\/index.php\/2025\/01\/10\/blog-jeu-quilles\/\" target=\"_self\"><img decoding=\"async\" itemprop=\"image\" src=\"https:\/\/event-box.be\/wp-content\/uploads\/2023\/08\/quilles.jpg\" \/><\/a><\/div><div class=\"q_masonry_blog_post_text\"><h5 itemprop=\"name\" class=\"q_masonry_blog_title entry_title\"><a itemprop=\"url\" href=\"https:\/\/event-box.be\/index.php\/2025\/01\/10\/blog-jeu-quilles\/\">Connaissez-vous vraiment le jeu de quilles ?<\/a><\/h5><p itemprop=\"description\" class=\"q_masonry_blog_excerpt\">Le jeu de quilles, un jeu que l'on ne pr\u00e9sente plus ! Pourtant son histoire m\u00e9rite le d\u00e9tour......<\/p><div class=\"q_masonry_blog_post_info\"><span itemprop=\"dateCreated\" class=\"time entry_date updated\">10 janvier, 2025<meta itemprop=\"interactionCount\" content=\"UserComments: <?php echo get_comments_number(qode_get_page_id()); ?>\"\/><\/span><\/div><\/div><\/article><\/div>\t\t\t\t<\/div>\n\t\t\t\t<\/div>\n\t\t\t\t\t<\/div>\n\t\t<\/div>\n\t\t\t\t\t<\/div>\n\t\t<\/section>\n\t\t\t\t<\/div>\n\t\t","protected":false},"excerpt":{"rendered":"<p>Event Box\u00a0: votre partenaire privil\u00e9gi\u00e9 pour tous vos \u00e9v\u00e8nements\u00a0! Event Box, c&rsquo;est avant tout une belle histoire ! D\u00e9couvrez d&rsquo;o\u00f9 est n\u00e9e l&rsquo;id\u00e9e de devenir votre partenaire privil\u00e9gi\u00e9 pour tous vos \u00e9v\u00e8nements&#8230;. 05 f\u00e9vrier, 2023<\/p>\n","protected":false},"author":1,"featured_media":0,"parent":0,"menu_order":0,"comment_status":"closed","ping_status":"closed","template":"elementor_header_footer","meta":{"_exactmetrics_skip_tracking":false,"_exactmetrics_sitenote_active":false,"_exactmetrics_sitenote_note":"","_exactmetrics_sitenote_category":0,"footnotes":""},"class_list":["post-2941","page","type-page","status-publish","hentry"],"yoast_head":"<!-- This site is optimized with the Yoast SEO plugin v27.4 - https:\/\/yoast.com\/product\/yoast-seo-wordpress\/ -->\n<title>Blog - Event-box Les derni\u00e8res infos<\/title>\n<meta name=\"description\" content=\"D\u00e9couvrez toutes les actualit\u00e9s d&#039;Event Box et une tonne d&#039;articles d\u00e9di\u00e9s aux \u00e9v\u00e8nements \u00e0 travers nos articles de blog\" \/>\n<meta name=\"robots\" content=\"index, follow, max-snippet:-1, max-image-preview:large, max-video-preview:-1\" \/>\n<link rel=\"canonical\" href=\"https:\/\/event-box.be\/index.php\/blog\/\" \/>\n<meta property=\"og:locale\" content=\"fr_FR\" \/>\n<meta property=\"og:type\" content=\"article\" \/>\n<meta property=\"og:title\" content=\"Blog - Event-box Les derni\u00e8res infos\" \/>\n<meta property=\"og:description\" content=\"D\u00e9couvrez toutes les actualit\u00e9s d&#039;Event Box et une tonne d&#039;articles d\u00e9di\u00e9s aux \u00e9v\u00e8nements \u00e0 travers nos articles de blog\" \/>\n<meta property=\"og:url\" content=\"https:\/\/event-box.be\/index.php\/blog\/\" \/>\n<meta property=\"og:site_name\" content=\"Event-box\" \/>\n<meta property=\"article:publisher\" content=\"https:\/\/www.facebook.com\/profile.php?id=100076146701741\" \/>\n<meta property=\"article:modified_time\" content=\"2023-10-27T16:06:54+00:00\" \/>\n<meta name=\"twitter:card\" content=\"summary_large_image\" \/>\n<meta name=\"twitter:image\" content=\"https:\/\/event-box.be\/wp-content\/uploads\/2022\/12\/S_108143-scaled.jpg\" \/>\n<meta name=\"twitter:label1\" content=\"Dur\u00e9e de lecture estim\u00e9e\" \/>\n\t<meta name=\"twitter:data1\" content=\"2 minutes\" \/>\n<script type=\"application\/ld+json\" class=\"yoast-schema-graph\">{\"@context\":\"https:\\\/\\\/schema.org\",\"@graph\":[{\"@type\":\"WebPage\",\"@id\":\"https:\\\/\\\/event-box.be\\\/index.php\\\/blog\\\/\",\"url\":\"https:\\\/\\\/event-box.be\\\/index.php\\\/blog\\\/\",\"name\":\"Blog - Event-box Les derni\u00e8res infos\",\"isPartOf\":{\"@id\":\"https:\\\/\\\/event-box.be\\\/#website\"},\"primaryImageOfPage\":{\"@id\":\"https:\\\/\\\/event-box.be\\\/index.php\\\/blog\\\/#primaryimage\"},\"image\":{\"@id\":\"https:\\\/\\\/event-box.be\\\/index.php\\\/blog\\\/#primaryimage\"},\"thumbnailUrl\":\"http:\\\/\\\/event-box.be\\\/wp-content\\\/uploads\\\/2022\\\/12\\\/S_108143-scaled.jpg\",\"datePublished\":\"2023-02-02T14:47:27+00:00\",\"dateModified\":\"2023-10-27T16:06:54+00:00\",\"description\":\"D\u00e9couvrez toutes les actualit\u00e9s d'Event Box et une tonne d'articles d\u00e9di\u00e9s aux \u00e9v\u00e8nements \u00e0 travers nos articles de blog\",\"breadcrumb\":{\"@id\":\"https:\\\/\\\/event-box.be\\\/index.php\\\/blog\\\/#breadcrumb\"},\"inLanguage\":\"fr-FR\",\"potentialAction\":[{\"@type\":\"ReadAction\",\"target\":[\"https:\\\/\\\/event-box.be\\\/index.php\\\/blog\\\/\"]}]},{\"@type\":\"ImageObject\",\"inLanguage\":\"fr-FR\",\"@id\":\"https:\\\/\\\/event-box.be\\\/index.php\\\/blog\\\/#primaryimage\",\"url\":\"https:\\\/\\\/event-box.be\\\/wp-content\\\/uploads\\\/2022\\\/12\\\/S_108143-scaled.jpg\",\"contentUrl\":\"https:\\\/\\\/event-box.be\\\/wp-content\\\/uploads\\\/2022\\\/12\\\/S_108143-scaled.jpg\",\"width\":2560,\"height\":1707,\"caption\":\"Eric, Florence, Floriane\"},{\"@type\":\"BreadcrumbList\",\"@id\":\"https:\\\/\\\/event-box.be\\\/index.php\\\/blog\\\/#breadcrumb\",\"itemListElement\":[{\"@type\":\"ListItem\",\"position\":1,\"name\":\"Accueil\",\"item\":\"https:\\\/\\\/event-box.be\\\/\"},{\"@type\":\"ListItem\",\"position\":2,\"name\":\"Blog\"}]},{\"@type\":\"WebSite\",\"@id\":\"https:\\\/\\\/event-box.be\\\/#website\",\"url\":\"https:\\\/\\\/event-box.be\\\/\",\"name\":\"Event-box\",\"description\":\"Cr\u00e9ateur d ambiance\",\"publisher\":{\"@id\":\"https:\\\/\\\/event-box.be\\\/#organization\"},\"potentialAction\":[{\"@type\":\"SearchAction\",\"target\":{\"@type\":\"EntryPoint\",\"urlTemplate\":\"https:\\\/\\\/event-box.be\\\/?s={search_term_string}\"},\"query-input\":{\"@type\":\"PropertyValueSpecification\",\"valueRequired\":true,\"valueName\":\"search_term_string\"}}],\"inLanguage\":\"fr-FR\"},{\"@type\":\"Organization\",\"@id\":\"https:\\\/\\\/event-box.be\\\/#organization\",\"name\":\"Event-box\",\"url\":\"https:\\\/\\\/event-box.be\\\/\",\"logo\":{\"@type\":\"ImageObject\",\"inLanguage\":\"fr-FR\",\"@id\":\"https:\\\/\\\/event-box.be\\\/#\\\/schema\\\/logo\\\/image\\\/\",\"url\":\"https:\\\/\\\/event-box.be\\\/wp-content\\\/uploads\\\/2024\\\/09\\\/Event-box-bleu-a-lendroit-PNG-2-002-1.png\",\"contentUrl\":\"https:\\\/\\\/event-box.be\\\/wp-content\\\/uploads\\\/2024\\\/09\\\/Event-box-bleu-a-lendroit-PNG-2-002-1.png\",\"width\":1692,\"height\":580,\"caption\":\"Event-box\"},\"image\":{\"@id\":\"https:\\\/\\\/event-box.be\\\/#\\\/schema\\\/logo\\\/image\\\/\"},\"sameAs\":[\"https:\\\/\\\/www.facebook.com\\\/profile.php?id=100076146701741\"]}]}<\/script>\n<!-- \/ Yoast SEO plugin. -->","yoast_head_json":{"title":"Blog - Event-box Les derni\u00e8res infos","description":"D\u00e9couvrez toutes les actualit\u00e9s d'Event Box et une tonne d'articles d\u00e9di\u00e9s aux \u00e9v\u00e8nements \u00e0 travers nos articles de blog","robots":{"index":"index","follow":"follow","max-snippet":"max-snippet:-1","max-image-preview":"max-image-preview:large","max-video-preview":"max-video-preview:-1"},"canonical":"https:\/\/event-box.be\/index.php\/blog\/","og_locale":"fr_FR","og_type":"article","og_title":"Blog - Event-box Les derni\u00e8res infos","og_description":"D\u00e9couvrez toutes les actualit\u00e9s d'Event Box et une tonne d'articles d\u00e9di\u00e9s aux \u00e9v\u00e8nements \u00e0 travers nos articles de blog","og_url":"https:\/\/event-box.be\/index.php\/blog\/","og_site_name":"Event-box","article_publisher":"https:\/\/www.facebook.com\/profile.php?id=100076146701741","article_modified_time":"2023-10-27T16:06:54+00:00","twitter_card":"summary_large_image","twitter_image":"https:\/\/event-box.be\/wp-content\/uploads\/2022\/12\/S_108143-scaled.jpg","twitter_misc":{"Dur\u00e9e de lecture estim\u00e9e":"2 minutes"},"schema":{"@context":"https:\/\/schema.org","@graph":[{"@type":"WebPage","@id":"https:\/\/event-box.be\/index.php\/blog\/","url":"https:\/\/event-box.be\/index.php\/blog\/","name":"Blog - Event-box Les derni\u00e8res infos","isPartOf":{"@id":"https:\/\/event-box.be\/#website"},"primaryImageOfPage":{"@id":"https:\/\/event-box.be\/index.php\/blog\/#primaryimage"},"image":{"@id":"https:\/\/event-box.be\/index.php\/blog\/#primaryimage"},"thumbnailUrl":"http:\/\/event-box.be\/wp-content\/uploads\/2022\/12\/S_108143-scaled.jpg","datePublished":"2023-02-02T14:47:27+00:00","dateModified":"2023-10-27T16:06:54+00:00","description":"D\u00e9couvrez toutes les actualit\u00e9s d'Event Box et une tonne d'articles d\u00e9di\u00e9s aux \u00e9v\u00e8nements \u00e0 travers nos articles de blog","breadcrumb":{"@id":"https:\/\/event-box.be\/index.php\/blog\/#breadcrumb"},"inLanguage":"fr-FR","potentialAction":[{"@type":"ReadAction","target":["https:\/\/event-box.be\/index.php\/blog\/"]}]},{"@type":"ImageObject","inLanguage":"fr-FR","@id":"https:\/\/event-box.be\/index.php\/blog\/#primaryimage","url":"https:\/\/event-box.be\/wp-content\/uploads\/2022\/12\/S_108143-scaled.jpg","contentUrl":"https:\/\/event-box.be\/wp-content\/uploads\/2022\/12\/S_108143-scaled.jpg","width":2560,"height":1707,"caption":"Eric, Florence, Floriane"},{"@type":"BreadcrumbList","@id":"https:\/\/event-box.be\/index.php\/blog\/#breadcrumb","itemListElement":[{"@type":"ListItem","position":1,"name":"Accueil","item":"https:\/\/event-box.be\/"},{"@type":"ListItem","position":2,"name":"Blog"}]},{"@type":"WebSite","@id":"https:\/\/event-box.be\/#website","url":"https:\/\/event-box.be\/","name":"Event-box","description":"Cr\u00e9ateur d ambiance","publisher":{"@id":"https:\/\/event-box.be\/#organization"},"potentialAction":[{"@type":"SearchAction","target":{"@type":"EntryPoint","urlTemplate":"https:\/\/event-box.be\/?s={search_term_string}"},"query-input":{"@type":"PropertyValueSpecification","valueRequired":true,"valueName":"search_term_string"}}],"inLanguage":"fr-FR"},{"@type":"Organization","@id":"https:\/\/event-box.be\/#organization","name":"Event-box","url":"https:\/\/event-box.be\/","logo":{"@type":"ImageObject","inLanguage":"fr-FR","@id":"https:\/\/event-box.be\/#\/schema\/logo\/image\/","url":"https:\/\/event-box.be\/wp-content\/uploads\/2024\/09\/Event-box-bleu-a-lendroit-PNG-2-002-1.png","contentUrl":"https:\/\/event-box.be\/wp-content\/uploads\/2024\/09\/Event-box-bleu-a-lendroit-PNG-2-002-1.png","width":1692,"height":580,"caption":"Event-box"},"image":{"@id":"https:\/\/event-box.be\/#\/schema\/logo\/image\/"},"sameAs":["https:\/\/www.facebook.com\/profile.php?id=100076146701741"]}]}},"_links":{"self":[{"href":"https:\/\/event-box.be\/index.php\/wp-json\/wp\/v2\/pages\/2941","targetHints":{"allow":["GET"]}}],"collection":[{"href":"https:\/\/event-box.be\/index.php\/wp-json\/wp\/v2\/pages"}],"about":[{"href":"https:\/\/event-box.be\/index.php\/wp-json\/wp\/v2\/types\/page"}],"author":[{"embeddable":true,"href":"https:\/\/event-box.be\/index.php\/wp-json\/wp\/v2\/users\/1"}],"replies":[{"embeddable":true,"href":"https:\/\/event-box.be\/index.php\/wp-json\/wp\/v2\/comments?post=2941"}],"version-history":[{"count":23,"href":"https:\/\/event-box.be\/index.php\/wp-json\/wp\/v2\/pages\/2941\/revisions"}],"predecessor-version":[{"id":4446,"href":"https:\/\/event-box.be\/index.php\/wp-json\/wp\/v2\/pages\/2941\/revisions\/4446"}],"wp:attachment":[{"href":"https:\/\/event-box.be\/index.php\/wp-json\/wp\/v2\/media?parent=2941"}],"curies":[{"name":"wp","href":"https:\/\/api.w.org\/{rel}","templated":true}]}}