{"id":2539,"date":"2023-01-24T10:55:46","date_gmt":"2023-01-24T09:55:46","guid":{"rendered":"http:\/\/event-box.be\/?page_id=2539"},"modified":"2023-10-30T11:23:25","modified_gmt":"2023-10-30T10:23:25","slug":"location","status":"publish","type":"page","link":"https:\/\/event-box.be\/index.php\/location\/","title":{"rendered":"Jeux en bois"},"content":{"rendered":"\t\t<div data-elementor-type=\"wp-page\" data-elementor-id=\"2539\" class=\"elementor elementor-2539\" data-elementor-post-type=\"page\">\n\t\t\t\t\t\t<section class=\"elementor-section elementor-top-section elementor-element elementor-element-15160e9 elementor-section-boxed elementor-section-height-default elementor-section-height-default parallax_section_no qode_elementor_container_no\" data-id=\"15160e9\" data-element_type=\"section\" data-e-type=\"section\">\n\t\t\t\t\t\t<div class=\"elementor-container elementor-column-gap-default\">\n\t\t\t\t\t<div class=\"elementor-column elementor-col-100 elementor-top-column elementor-element elementor-element-8fbae20\" data-id=\"8fbae20\" data-element_type=\"column\" data-e-type=\"column\">\n\t\t\t<div class=\"elementor-widget-wrap elementor-element-populated\">\n\t\t\t\t\t\t<div class=\"elementor-element elementor-element-4bff19b elementor-widget elementor-widget-heading\" data-id=\"4bff19b\" data-element_type=\"widget\" data-e-type=\"widget\" data-widget_type=\"heading.default\">\n\t\t\t\t<div class=\"elementor-widget-container\">\n\t\t\t\t\t<h2 class=\"elementor-heading-title elementor-size-default\">Jeux en bois <\/h2>\t\t\t\t<\/div>\n\t\t\t\t<\/div>\n\t\t\t\t\t<\/div>\n\t\t<\/div>\n\t\t\t\t\t<\/div>\n\t\t<\/section>\n\t\t\t\t<section class=\"elementor-section elementor-top-section elementor-element elementor-element-1ec6f63 elementor-section-boxed elementor-section-height-default elementor-section-height-default parallax_section_no qode_elementor_container_no\" data-id=\"1ec6f63\" data-element_type=\"section\" data-e-type=\"section\">\n\t\t\t\t\t\t<div class=\"elementor-container elementor-column-gap-default\">\n\t\t\t\t\t<div class=\"elementor-column elementor-col-100 elementor-top-column elementor-element elementor-element-cba0fb7\" data-id=\"cba0fb7\" data-element_type=\"column\" data-e-type=\"column\">\n\t\t\t<div class=\"elementor-widget-wrap elementor-element-populated\">\n\t\t\t\t\t\t<div class=\"elementor-element elementor-element-eebc4b6 elementor-button-info elementor-widget elementor-widget-button\" data-id=\"eebc4b6\" data-element_type=\"widget\" data-e-type=\"widget\" data-widget_type=\"button.default\">\n\t\t\t\t<div class=\"elementor-widget-container\">\n\t\t\t\t\t\t\t\t\t<div class=\"elementor-button-wrapper\">\n\t\t\t\t\t<a class=\"elementor-button elementor-button-link elementor-size-md\" href=\"http:\/\/event-box.be\/wp-content\/uploads\/2023\/08\/catalogue-event-box-prix.pdf\" target=\"_blank\">\n\t\t\t\t\t\t<span class=\"elementor-button-content-wrapper\">\n\t\t\t\t\t\t\t\t\t<span class=\"elementor-button-text\">T\u00e9l\u00e9charger notre catalogue de jeux en bois (PDF)<\/span>\n\t\t\t\t\t<\/span>\n\t\t\t\t\t<\/a>\n\t\t\t\t<\/div>\n\t\t\t\t\t\t\t\t<\/div>\n\t\t\t\t<\/div>\n\t\t\t\t\t<\/div>\n\t\t<\/div>\n\t\t\t\t\t<\/div>\n\t\t<\/section>\n\t\t\t\t<\/div>\n\t\t","protected":false},"excerpt":{"rendered":"<p>Jeux en bois T\u00e9l\u00e9charger notre catalogue de jeux en bois (PDF)<\/p>\n","protected":false},"author":1,"featured_media":2834,"parent":0,"menu_order":0,"comment_status":"closed","ping_status":"closed","template":"","meta":{"_exactmetrics_skip_tracking":false,"_exactmetrics_sitenote_active":false,"_exactmetrics_sitenote_note":"","_exactmetrics_sitenote_category":0,"footnotes":""},"class_list":["post-2539","page","type-page","status-publish","has-post-thumbnail","hentry"],"yoast_head":"<!-- This site is optimized with the Yoast SEO plugin v27.4 - https:\/\/yoast.com\/product\/yoast-seo-wordpress\/ -->\n<title>Jeux en bois - Event-box vous propose du mat\u00e9riel de loisir en location<\/title>\n<meta name=\"description\" content=\"Jeux en bois, pistes de p\u00e9tanque int\u00e9rieure et ext\u00e9rieures... Event Box vous propose du mat\u00e9riel en location pour animer tous vos \u00e9v\u00e8nements\" \/>\n<meta name=\"robots\" content=\"index, follow, max-snippet:-1, max-image-preview:large, max-video-preview:-1\" \/>\n<link rel=\"canonical\" href=\"https:\/\/event-box.be\/index.php\/location\/\" \/>\n<meta property=\"og:locale\" content=\"fr_FR\" \/>\n<meta property=\"og:type\" content=\"article\" \/>\n<meta property=\"og:title\" content=\"Jeux en bois - Event-box vous propose du mat\u00e9riel de loisir en location\" \/>\n<meta property=\"og:description\" content=\"Jeux en bois, pistes de p\u00e9tanque int\u00e9rieure et ext\u00e9rieures... Event Box vous propose du mat\u00e9riel en location pour animer tous vos \u00e9v\u00e8nements\" \/>\n<meta property=\"og:url\" content=\"https:\/\/event-box.be\/index.php\/location\/\" \/>\n<meta property=\"og:site_name\" content=\"Event-box\" \/>\n<meta property=\"article:publisher\" content=\"https:\/\/www.facebook.com\/profile.php?id=100076146701741\" \/>\n<meta property=\"article:modified_time\" content=\"2023-10-30T10:23:25+00:00\" \/>\n<meta property=\"og:image\" content=\"https:\/\/event-box.be\/wp-content\/uploads\/2023\/01\/PACK-5-JEUX-scaled.jpg\" \/>\n\t<meta property=\"og:image:width\" content=\"1152\" \/>\n\t<meta property=\"og:image:height\" content=\"2560\" \/>\n\t<meta property=\"og:image:type\" content=\"image\/jpeg\" \/>\n<meta name=\"twitter:card\" content=\"summary_large_image\" \/>\n<meta name=\"twitter:label1\" content=\"Dur\u00e9e de lecture estim\u00e9e\" \/>\n\t<meta name=\"twitter:data1\" content=\"1 minute\" \/>\n<script type=\"application\/ld+json\" class=\"yoast-schema-graph\">{\"@context\":\"https:\\\/\\\/schema.org\",\"@graph\":[{\"@type\":\"WebPage\",\"@id\":\"https:\\\/\\\/event-box.be\\\/index.php\\\/location\\\/\",\"url\":\"https:\\\/\\\/event-box.be\\\/index.php\\\/location\\\/\",\"name\":\"Jeux en bois - Event-box vous propose du mat\u00e9riel de loisir en location\",\"isPartOf\":{\"@id\":\"https:\\\/\\\/event-box.be\\\/#website\"},\"primaryImageOfPage\":{\"@id\":\"https:\\\/\\\/event-box.be\\\/index.php\\\/location\\\/#primaryimage\"},\"image\":{\"@id\":\"https:\\\/\\\/event-box.be\\\/index.php\\\/location\\\/#primaryimage\"},\"thumbnailUrl\":\"https:\\\/\\\/event-box.be\\\/wp-content\\\/uploads\\\/2023\\\/01\\\/PACK-5-JEUX-scaled.jpg\",\"datePublished\":\"2023-01-24T09:55:46+00:00\",\"dateModified\":\"2023-10-30T10:23:25+00:00\",\"description\":\"Jeux en bois, pistes de p\u00e9tanque int\u00e9rieure et ext\u00e9rieures... Event Box vous propose du mat\u00e9riel en location pour animer tous vos \u00e9v\u00e8nements\",\"breadcrumb\":{\"@id\":\"https:\\\/\\\/event-box.be\\\/index.php\\\/location\\\/#breadcrumb\"},\"inLanguage\":\"fr-FR\",\"potentialAction\":[{\"@type\":\"ReadAction\",\"target\":[\"https:\\\/\\\/event-box.be\\\/index.php\\\/location\\\/\"]}]},{\"@type\":\"ImageObject\",\"inLanguage\":\"fr-FR\",\"@id\":\"https:\\\/\\\/event-box.be\\\/index.php\\\/location\\\/#primaryimage\",\"url\":\"https:\\\/\\\/event-box.be\\\/wp-content\\\/uploads\\\/2023\\\/01\\\/PACK-5-JEUX-scaled.jpg\",\"contentUrl\":\"https:\\\/\\\/event-box.be\\\/wp-content\\\/uploads\\\/2023\\\/01\\\/PACK-5-JEUX-scaled.jpg\",\"width\":1152,\"height\":2560,\"caption\":\"Pack de 5 jeux en bois\"},{\"@type\":\"BreadcrumbList\",\"@id\":\"https:\\\/\\\/event-box.be\\\/index.php\\\/location\\\/#breadcrumb\",\"itemListElement\":[{\"@type\":\"ListItem\",\"position\":1,\"name\":\"Accueil\",\"item\":\"https:\\\/\\\/event-box.be\\\/\"},{\"@type\":\"ListItem\",\"position\":2,\"name\":\"Jeux en bois\"}]},{\"@type\":\"WebSite\",\"@id\":\"https:\\\/\\\/event-box.be\\\/#website\",\"url\":\"https:\\\/\\\/event-box.be\\\/\",\"name\":\"Event-box\",\"description\":\"Cr\u00e9ateur d ambiance\",\"publisher\":{\"@id\":\"https:\\\/\\\/event-box.be\\\/#organization\"},\"potentialAction\":[{\"@type\":\"SearchAction\",\"target\":{\"@type\":\"EntryPoint\",\"urlTemplate\":\"https:\\\/\\\/event-box.be\\\/?s={search_term_string}\"},\"query-input\":{\"@type\":\"PropertyValueSpecification\",\"valueRequired\":true,\"valueName\":\"search_term_string\"}}],\"inLanguage\":\"fr-FR\"},{\"@type\":\"Organization\",\"@id\":\"https:\\\/\\\/event-box.be\\\/#organization\",\"name\":\"Event-box\",\"url\":\"https:\\\/\\\/event-box.be\\\/\",\"logo\":{\"@type\":\"ImageObject\",\"inLanguage\":\"fr-FR\",\"@id\":\"https:\\\/\\\/event-box.be\\\/#\\\/schema\\\/logo\\\/image\\\/\",\"url\":\"https:\\\/\\\/event-box.be\\\/wp-content\\\/uploads\\\/2024\\\/09\\\/Event-box-bleu-a-lendroit-PNG-2-002-1.png\",\"contentUrl\":\"https:\\\/\\\/event-box.be\\\/wp-content\\\/uploads\\\/2024\\\/09\\\/Event-box-bleu-a-lendroit-PNG-2-002-1.png\",\"width\":1692,\"height\":580,\"caption\":\"Event-box\"},\"image\":{\"@id\":\"https:\\\/\\\/event-box.be\\\/#\\\/schema\\\/logo\\\/image\\\/\"},\"sameAs\":[\"https:\\\/\\\/www.facebook.com\\\/profile.php?id=100076146701741\"]}]}<\/script>\n<!-- \/ Yoast SEO plugin. -->","yoast_head_json":{"title":"Jeux en bois - Event-box vous propose du mat\u00e9riel de loisir en location","description":"Jeux en bois, pistes de p\u00e9tanque int\u00e9rieure et ext\u00e9rieures... Event Box vous propose du mat\u00e9riel en location pour animer tous vos \u00e9v\u00e8nements","robots":{"index":"index","follow":"follow","max-snippet":"max-snippet:-1","max-image-preview":"max-image-preview:large","max-video-preview":"max-video-preview:-1"},"canonical":"https:\/\/event-box.be\/index.php\/location\/","og_locale":"fr_FR","og_type":"article","og_title":"Jeux en bois - Event-box vous propose du mat\u00e9riel de loisir en location","og_description":"Jeux en bois, pistes de p\u00e9tanque int\u00e9rieure et ext\u00e9rieures... Event Box vous propose du mat\u00e9riel en location pour animer tous vos \u00e9v\u00e8nements","og_url":"https:\/\/event-box.be\/index.php\/location\/","og_site_name":"Event-box","article_publisher":"https:\/\/www.facebook.com\/profile.php?id=100076146701741","article_modified_time":"2023-10-30T10:23:25+00:00","og_image":[{"width":1152,"height":2560,"url":"https:\/\/event-box.be\/wp-content\/uploads\/2023\/01\/PACK-5-JEUX-scaled.jpg","type":"image\/jpeg"}],"twitter_card":"summary_large_image","twitter_misc":{"Dur\u00e9e de lecture estim\u00e9e":"1 minute"},"schema":{"@context":"https:\/\/schema.org","@graph":[{"@type":"WebPage","@id":"https:\/\/event-box.be\/index.php\/location\/","url":"https:\/\/event-box.be\/index.php\/location\/","name":"Jeux en bois - Event-box vous propose du mat\u00e9riel de loisir en location","isPartOf":{"@id":"https:\/\/event-box.be\/#website"},"primaryImageOfPage":{"@id":"https:\/\/event-box.be\/index.php\/location\/#primaryimage"},"image":{"@id":"https:\/\/event-box.be\/index.php\/location\/#primaryimage"},"thumbnailUrl":"https:\/\/event-box.be\/wp-content\/uploads\/2023\/01\/PACK-5-JEUX-scaled.jpg","datePublished":"2023-01-24T09:55:46+00:00","dateModified":"2023-10-30T10:23:25+00:00","description":"Jeux en bois, pistes de p\u00e9tanque int\u00e9rieure et ext\u00e9rieures... Event Box vous propose du mat\u00e9riel en location pour animer tous vos \u00e9v\u00e8nements","breadcrumb":{"@id":"https:\/\/event-box.be\/index.php\/location\/#breadcrumb"},"inLanguage":"fr-FR","potentialAction":[{"@type":"ReadAction","target":["https:\/\/event-box.be\/index.php\/location\/"]}]},{"@type":"ImageObject","inLanguage":"fr-FR","@id":"https:\/\/event-box.be\/index.php\/location\/#primaryimage","url":"https:\/\/event-box.be\/wp-content\/uploads\/2023\/01\/PACK-5-JEUX-scaled.jpg","contentUrl":"https:\/\/event-box.be\/wp-content\/uploads\/2023\/01\/PACK-5-JEUX-scaled.jpg","width":1152,"height":2560,"caption":"Pack de 5 jeux en bois"},{"@type":"BreadcrumbList","@id":"https:\/\/event-box.be\/index.php\/location\/#breadcrumb","itemListElement":[{"@type":"ListItem","position":1,"name":"Accueil","item":"https:\/\/event-box.be\/"},{"@type":"ListItem","position":2,"name":"Jeux en bois"}]},{"@type":"WebSite","@id":"https:\/\/event-box.be\/#website","url":"https:\/\/event-box.be\/","name":"Event-box","description":"Cr\u00e9ateur d ambiance","publisher":{"@id":"https:\/\/event-box.be\/#organization"},"potentialAction":[{"@type":"SearchAction","target":{"@type":"EntryPoint","urlTemplate":"https:\/\/event-box.be\/?s={search_term_string}"},"query-input":{"@type":"PropertyValueSpecification","valueRequired":true,"valueName":"search_term_string"}}],"inLanguage":"fr-FR"},{"@type":"Organization","@id":"https:\/\/event-box.be\/#organization","name":"Event-box","url":"https:\/\/event-box.be\/","logo":{"@type":"ImageObject","inLanguage":"fr-FR","@id":"https:\/\/event-box.be\/#\/schema\/logo\/image\/","url":"https:\/\/event-box.be\/wp-content\/uploads\/2024\/09\/Event-box-bleu-a-lendroit-PNG-2-002-1.png","contentUrl":"https:\/\/event-box.be\/wp-content\/uploads\/2024\/09\/Event-box-bleu-a-lendroit-PNG-2-002-1.png","width":1692,"height":580,"caption":"Event-box"},"image":{"@id":"https:\/\/event-box.be\/#\/schema\/logo\/image\/"},"sameAs":["https:\/\/www.facebook.com\/profile.php?id=100076146701741"]}]}},"_links":{"self":[{"href":"https:\/\/event-box.be\/index.php\/wp-json\/wp\/v2\/pages\/2539","targetHints":{"allow":["GET"]}}],"collection":[{"href":"https:\/\/event-box.be\/index.php\/wp-json\/wp\/v2\/pages"}],"about":[{"href":"https:\/\/event-box.be\/index.php\/wp-json\/wp\/v2\/types\/page"}],"author":[{"embeddable":true,"href":"https:\/\/event-box.be\/index.php\/wp-json\/wp\/v2\/users\/1"}],"replies":[{"embeddable":true,"href":"https:\/\/event-box.be\/index.php\/wp-json\/wp\/v2\/comments?post=2539"}],"version-history":[{"count":36,"href":"https:\/\/event-box.be\/index.php\/wp-json\/wp\/v2\/pages\/2539\/revisions"}],"predecessor-version":[{"id":4473,"href":"https:\/\/event-box.be\/index.php\/wp-json\/wp\/v2\/pages\/2539\/revisions\/4473"}],"wp:featuredmedia":[{"embeddable":true,"href":"https:\/\/event-box.be\/index.php\/wp-json\/wp\/v2\/media\/2834"}],"wp:attachment":[{"href":"https:\/\/event-box.be\/index.php\/wp-json\/wp\/v2\/media?parent=2539"}],"curies":[{"name":"wp","href":"https:\/\/api.w.org\/{rel}","templated":true}]}}