{"id":1315,"date":"2021-10-11T17:39:51","date_gmt":"2021-10-11T17:39:51","guid":{"rendered":"https:\/\/bridge486.qodeinteractive.com\/?page_id=1315"},"modified":"2025-07-17T14:38:17","modified_gmt":"2025-07-17T12:38:17","slug":"concept-teambuilding","status":"publish","type":"page","link":"https:\/\/event-box.be\/index.php\/nos-concepts-2\/concept-teambuilding\/","title":{"rendered":"Teambuilding"},"content":{"rendered":"\t\t<div data-elementor-type=\"wp-page\" data-elementor-id=\"1315\" class=\"elementor elementor-1315\" data-elementor-post-type=\"page\">\n\t\t\t\t\t\t<section class=\"elementor-section elementor-top-section elementor-element elementor-element-28065618 elementor-section-full_width qode_elementor_container_inner elementor-section-height-default elementor-section-height-default parallax_section_no\" data-id=\"28065618\" data-element_type=\"section\" data-e-type=\"section\">\n\t\t\t\t\t\t<div class=\"elementor-container elementor-column-gap-default\">\n\t\t\t\t\t<div class=\"elementor-column elementor-col-100 elementor-top-column elementor-element elementor-element-73fd42ca\" data-id=\"73fd42ca\" data-element_type=\"column\" data-e-type=\"column\">\n\t\t\t<div class=\"elementor-widget-wrap elementor-element-populated\">\n\t\t\t\t\t\t<div class=\"elementor-element elementor-element-6061835a elementor-widget elementor-widget-heading\" data-id=\"6061835a\" data-element_type=\"widget\" data-e-type=\"widget\" data-widget_type=\"heading.default\">\n\t\t\t\t<div class=\"elementor-widget-container\">\n\t\t\t\t\t<h2 class=\"elementor-heading-title elementor-size-default\">Notre Teambuilding<br>Le teamwood challenge<br><\/h2>\t\t\t\t<\/div>\n\t\t\t\t<\/div>\n\t\t\t\t<div class=\"elementor-element elementor-element-421468a elementor-widget elementor-widget-text-editor\" data-id=\"421468a\" data-element_type=\"widget\" data-e-type=\"widget\" data-widget_type=\"text-editor.default\">\n\t\t\t\t<div class=\"elementor-widget-container\">\n\t\t\t\t\t\t\t\t\t<h5 id=\"ConnectiveDocSignExtentionInstalled\" data-extension-version=\"1.0.4\"><br><\/h5><h5 id=\"ConnectiveDocSignExtentionInstalled\" data-extension-version=\"1.0.4\">Laissez parler votre esprit d\u2019\u00e9quipe !<\/h5>\t\t\t\t\t\t\t\t<\/div>\n\t\t\t\t<\/div>\n\t\t\t\t<div class=\"elementor-element elementor-element-161bdfe elementor-widget elementor-widget-text-editor\" data-id=\"161bdfe\" data-element_type=\"widget\" data-e-type=\"widget\" data-widget_type=\"text-editor.default\">\n\t\t\t\t<div class=\"elementor-widget-container\">\n\t\t\t\t\t\t\t\t\t<h3 data-start=\"164\" data-end=\"239\">\u00a0<\/h3><p data-start=\"241\" data-end=\"507\">Qui a dit que jouer \u00e9tait r\u00e9serv\u00e9 aux enfants ? Avec <span data-start=\"294\" data-end=\"307\">Event Box<\/span>, red\u00e9couvrez, entre coll\u00e8gues, le plaisir du jeu&#8230; en version XXL !<\/p><p data-start=\"241\" data-end=\"507\">Plongez dans un teambuilding original, rythm\u00e9 et f\u00e9d\u00e9rateur o\u00f9 <strong data-start=\"424\" data-end=\"478\">adresse, strat\u00e9gie, r\u00e9flexe, rapidit\u00e9 et \u00e9quilibre<\/strong> seront vos meilleurs alli\u00e9s. Face \u00e0 vous : <strong data-start=\"523\" data-end=\"556\">15 jeux en bois traditionnels<\/strong>, revisit\u00e9s pour r\u00e9veiller votre esprit de comp\u00e9tition et renforcer la coh\u00e9sion. Par \u00e9quipes, relevez des d\u00e9fis vari\u00e9s, cumulez des points et envoyez tous vos coll\u00e8gues en <strong data-start=\"713\" data-end=\"730\">grande finale<\/strong> ! Un challenge 100 % <strong data-start=\"752\" data-end=\"780\">collaboratif et inclusif<\/strong>, o\u00f9 chacun trouve sa place et contribue \u00e0 la victoire collective.\u00a0<\/p><div data-extension-version=\"1.0.4\">\u00a0<\/div><div id=\"ConnectiveDocSignExtentionInstalled\" data-extension-version=\"1.0.4\">\u00a0<\/div>\t\t\t\t\t\t\t\t<\/div>\n\t\t\t\t<\/div>\n\t\t\t\t\t<\/div>\n\t\t<\/div>\n\t\t\t\t\t<\/div>\n\t\t<\/section>\n\t\t\t\t<section class=\"elementor-section elementor-top-section elementor-element elementor-element-ccca77a elementor-section-boxed elementor-section-height-default elementor-section-height-default parallax_section_no qode_elementor_container_no\" data-id=\"ccca77a\" data-element_type=\"section\" data-e-type=\"section\">\n\t\t\t\t\t\t<div class=\"elementor-container elementor-column-gap-default\">\n\t\t\t\t\t<div class=\"elementor-column elementor-col-33 elementor-top-column elementor-element elementor-element-3d23084\" data-id=\"3d23084\" data-element_type=\"column\" data-e-type=\"column\">\n\t\t\t<div class=\"elementor-widget-wrap elementor-element-populated\">\n\t\t\t\t\t\t<div class=\"elementor-element elementor-element-59a401b elementor-widget elementor-widget-image\" data-id=\"59a401b\" data-element_type=\"widget\" data-e-type=\"widget\" data-widget_type=\"image.default\">\n\t\t\t\t<div class=\"elementor-widget-container\">\n\t\t\t\t\t\t\t\t\t\t\t\t\t\t\t\t<a href=\"http:\/\/event-box.be\/index.php\/contact\/\">\n\t\t\t\t\t\t\t<img fetchpriority=\"high\" decoding=\"async\" width=\"600\" height=\"800\" src=\"https:\/\/event-box.be\/wp-content\/uploads\/2025\/07\/AUROBINDO-246-600x800.jpg\" class=\"attachment-portfolio-portrait size-portfolio-portrait wp-image-5044\" alt=\"\" \/>\t\t\t\t\t\t\t\t<\/a>\n\t\t\t\t\t\t\t\t\t\t\t\t\t\t\t<\/div>\n\t\t\t\t<\/div>\n\t\t\t\t<div class=\"elementor-element elementor-element-fea8619 elementor-widget elementor-widget-text-editor\" data-id=\"fea8619\" data-element_type=\"widget\" data-e-type=\"widget\" data-widget_type=\"text-editor.default\">\n\t\t\t\t<div class=\"elementor-widget-container\">\n\t\t\t\t\t\t\t\t\t<h5>Coop\u00e9ration<\/h5><div id=\"ConnectiveDocSignExtentionInstalled\" data-extension-version=\"1.0.4\">\u00a0<\/div>\t\t\t\t\t\t\t\t<\/div>\n\t\t\t\t<\/div>\n\t\t\t\t\t<\/div>\n\t\t<\/div>\n\t\t\t\t<div class=\"elementor-column elementor-col-33 elementor-top-column elementor-element elementor-element-b768600\" data-id=\"b768600\" data-element_type=\"column\" data-e-type=\"column\">\n\t\t\t<div class=\"elementor-widget-wrap elementor-element-populated\">\n\t\t\t\t\t\t<div class=\"elementor-element elementor-element-e339fbe elementor-widget elementor-widget-image\" data-id=\"e339fbe\" data-element_type=\"widget\" data-e-type=\"widget\" data-widget_type=\"image.default\">\n\t\t\t\t<div class=\"elementor-widget-container\">\n\t\t\t\t\t\t\t\t\t\t\t\t\t\t\t\t<a href=\"http:\/\/event-box.be\/index.php\/contact\/\">\n\t\t\t\t\t\t\t<img decoding=\"async\" width=\"600\" height=\"800\" src=\"https:\/\/event-box.be\/wp-content\/uploads\/2025\/07\/Jette17-600x800.jpg\" class=\"attachment-portfolio-portrait size-portfolio-portrait wp-image-5043\" alt=\"\" srcset=\"https:\/\/event-box.be\/wp-content\/uploads\/2025\/07\/Jette17-600x800.jpg 600w, https:\/\/event-box.be\/wp-content\/uploads\/2025\/07\/Jette17-225x300.jpg 225w, https:\/\/event-box.be\/wp-content\/uploads\/2025\/07\/Jette17-768x1024.jpg 768w, https:\/\/event-box.be\/wp-content\/uploads\/2025\/07\/Jette17-1152x1536.jpg 1152w, https:\/\/event-box.be\/wp-content\/uploads\/2025\/07\/Jette17-700x933.jpg 700w, https:\/\/event-box.be\/wp-content\/uploads\/2025\/07\/Jette17.jpg 1530w\" sizes=\"(max-width: 600px) 100vw, 600px\" \/>\t\t\t\t\t\t\t\t<\/a>\n\t\t\t\t\t\t\t\t\t\t\t\t\t\t\t<\/div>\n\t\t\t\t<\/div>\n\t\t\t\t<div class=\"elementor-element elementor-element-a88f4fd elementor-widget elementor-widget-text-editor\" data-id=\"a88f4fd\" data-element_type=\"widget\" data-e-type=\"widget\" data-widget_type=\"text-editor.default\">\n\t\t\t\t<div class=\"elementor-widget-container\">\n\t\t\t\t\t\t\t\t\t<h5>Pr\u00e9cision<\/h5><div id=\"ConnectiveDocSignExtentionInstalled\" data-extension-version=\"1.0.4\">\u00a0<\/div>\t\t\t\t\t\t\t\t<\/div>\n\t\t\t\t<\/div>\n\t\t\t\t\t<\/div>\n\t\t<\/div>\n\t\t\t\t<div class=\"elementor-column elementor-col-33 elementor-top-column elementor-element elementor-element-213096c\" data-id=\"213096c\" data-element_type=\"column\" data-e-type=\"column\">\n\t\t\t<div class=\"elementor-widget-wrap elementor-element-populated\">\n\t\t\t\t\t\t<div class=\"elementor-element elementor-element-40bd3e5 elementor-widget elementor-widget-image\" data-id=\"40bd3e5\" data-element_type=\"widget\" data-e-type=\"widget\" data-widget_type=\"image.default\">\n\t\t\t\t<div class=\"elementor-widget-container\">\n\t\t\t\t\t\t\t\t\t\t\t\t\t\t\t\t<a href=\"http:\/\/event-box.be\/index.php\/contact\/\">\n\t\t\t\t\t\t\t<img decoding=\"async\" width=\"600\" height=\"800\" src=\"https:\/\/event-box.be\/wp-content\/uploads\/2025\/07\/Jette14-600x800.jpg\" class=\"attachment-portfolio-portrait size-portfolio-portrait wp-image-5042\" alt=\"\" srcset=\"https:\/\/event-box.be\/wp-content\/uploads\/2025\/07\/Jette14-600x800.jpg 600w, https:\/\/event-box.be\/wp-content\/uploads\/2025\/07\/Jette14-225x300.jpg 225w, https:\/\/event-box.be\/wp-content\/uploads\/2025\/07\/Jette14-768x1024.jpg 768w, https:\/\/event-box.be\/wp-content\/uploads\/2025\/07\/Jette14-1152x1536.jpg 1152w, https:\/\/event-box.be\/wp-content\/uploads\/2025\/07\/Jette14-700x933.jpg 700w, https:\/\/event-box.be\/wp-content\/uploads\/2025\/07\/Jette14.jpg 1530w\" sizes=\"(max-width: 600px) 100vw, 600px\" \/>\t\t\t\t\t\t\t\t<\/a>\n\t\t\t\t\t\t\t\t\t\t\t\t\t\t\t<\/div>\n\t\t\t\t<\/div>\n\t\t\t\t<div class=\"elementor-element elementor-element-c08271f elementor-widget elementor-widget-text-editor\" data-id=\"c08271f\" data-element_type=\"widget\" data-e-type=\"widget\" data-widget_type=\"text-editor.default\">\n\t\t\t\t<div class=\"elementor-widget-container\">\n\t\t\t\t\t\t\t\t\t<h5>Concentration<\/h5><div id=\"ConnectiveDocSignExtentionInstalled\" data-extension-version=\"1.0.4\">\u00a0<\/div>\t\t\t\t\t\t\t\t<\/div>\n\t\t\t\t<\/div>\n\t\t\t\t\t<\/div>\n\t\t<\/div>\n\t\t\t\t\t<\/div>\n\t\t<\/section>\n\t\t\t\t<section class=\"elementor-section elementor-top-section elementor-element elementor-element-0e6abaf elementor-section-boxed elementor-section-height-default elementor-section-height-default parallax_section_no qode_elementor_container_no\" data-id=\"0e6abaf\" data-element_type=\"section\" data-e-type=\"section\">\n\t\t\t\t\t\t<div class=\"elementor-container elementor-column-gap-default\">\n\t\t\t\t\t<div class=\"elementor-column elementor-col-100 elementor-top-column elementor-element elementor-element-18f1b3c\" data-id=\"18f1b3c\" data-element_type=\"column\" data-e-type=\"column\">\n\t\t\t<div class=\"elementor-widget-wrap elementor-element-populated\">\n\t\t\t\t\t\t<div class=\"elementor-element elementor-element-9b32c2a elementor-widget elementor-widget-spacer\" data-id=\"9b32c2a\" data-element_type=\"widget\" data-e-type=\"widget\" data-widget_type=\"spacer.default\">\n\t\t\t\t<div class=\"elementor-widget-container\">\n\t\t\t\t\t\t\t<div class=\"elementor-spacer\">\n\t\t\t<div class=\"elementor-spacer-inner\"><\/div>\n\t\t<\/div>\n\t\t\t\t\t\t<\/div>\n\t\t\t\t<\/div>\n\t\t\t\t\t<\/div>\n\t\t<\/div>\n\t\t\t\t\t<\/div>\n\t\t<\/section>\n\t\t\t\t<section class=\"elementor-section elementor-top-section elementor-element elementor-element-c19ff7e elementor-section-boxed elementor-section-height-default elementor-section-height-default parallax_section_no qode_elementor_container_no\" data-id=\"c19ff7e\" data-element_type=\"section\" data-e-type=\"section\">\n\t\t\t\t\t\t<div class=\"elementor-container elementor-column-gap-default\">\n\t\t\t\t\t<div class=\"elementor-column elementor-col-100 elementor-top-column elementor-element elementor-element-d854601\" data-id=\"d854601\" data-element_type=\"column\" data-e-type=\"column\">\n\t\t\t<div class=\"elementor-widget-wrap elementor-element-populated\">\n\t\t\t\t\t\t<div class=\"elementor-element elementor-element-100439e elementor-widget elementor-widget-text-editor\" data-id=\"100439e\" data-element_type=\"widget\" data-e-type=\"widget\" data-widget_type=\"text-editor.default\">\n\t\t\t\t<div class=\"elementor-widget-container\">\n\t\t\t\t\t\t\t\t\t<div id=\"ConnectiveDocSignExtentionInstalled\" data-extension-version=\"1.0.4\"><p><strong data-start=\"937\" data-end=\"955\">\ud83d\udccc En r\u00e9sum\u00e9<\/strong><\/p><p>\u00a0<\/p><p data-start=\"960\" data-end=\"993\">\ud83d\udc65 De <strong data-start=\"966\" data-end=\"991\">15 \u00e0 100 participants<\/strong><\/p><p data-start=\"996\" data-end=\"1040\">\ud83c\udfb2 <strong data-start=\"999\" data-end=\"1026\">15 jeux en bois anciens<\/strong> \u00e0 d\u00e9couvrir<\/p><p data-start=\"1043\" data-end=\"1101\">\ud83c\udfa4 <strong data-start=\"1046\" data-end=\"1073\">2 animateurs passionn\u00e9s<\/strong> pour encadrer l\u2019\u00e9v\u00e9nement<\/p><p data-start=\"1104\" data-end=\"1177\">\u23f1\ufe0f <strong data-start=\"1107\" data-end=\"1130\">4 heures d\u2019activit\u00e9<\/strong> riches en rires, d\u00e9fis et souvenirs partag\u00e9s<\/p><\/div>\t\t\t\t\t\t\t\t<\/div>\n\t\t\t\t<\/div>\n\t\t\t\t\t<\/div>\n\t\t<\/div>\n\t\t\t\t\t<\/div>\n\t\t<\/section>\n\t\t\t\t<section class=\"elementor-section elementor-top-section elementor-element elementor-element-793db56 elementor-section-boxed elementor-section-height-default elementor-section-height-default parallax_section_no qode_elementor_container_no\" data-id=\"793db56\" data-element_type=\"section\" data-e-type=\"section\">\n\t\t\t\t\t\t<div class=\"elementor-container elementor-column-gap-default\">\n\t\t\t\t\t<div class=\"elementor-column elementor-col-100 elementor-top-column elementor-element elementor-element-73837fb\" data-id=\"73837fb\" data-element_type=\"column\" data-e-type=\"column\">\n\t\t\t<div class=\"elementor-widget-wrap elementor-element-populated\">\n\t\t\t\t\t\t<div class=\"elementor-element elementor-element-9586b60 elementor-widget elementor-widget-text-editor\" data-id=\"9586b60\" data-element_type=\"widget\" data-e-type=\"widget\" data-widget_type=\"text-editor.default\">\n\t\t\t\t<div class=\"elementor-widget-container\">\n\t\t\t\t\t\t\t\t\t<p><strong data-start=\"1179\" data-end=\"1208\">Pr\u00eats \u00e0 relever le d\u00e9fi ?<\/strong><\/p><p>Que le meilleur esprit d\u2019\u00e9quipe gagne !<\/p><div id=\"ConnectiveDocSignExtentionInstalled\" data-extension-version=\"1.0.4\">\u00a0<\/div>\t\t\t\t\t\t\t\t<\/div>\n\t\t\t\t<\/div>\n\t\t\t\t\t<\/div>\n\t\t<\/div>\n\t\t\t\t\t<\/div>\n\t\t<\/section>\n\t\t\t\t<section class=\"elementor-section elementor-top-section elementor-element elementor-element-710e56e elementor-section-boxed elementor-section-height-default elementor-section-height-default parallax_section_no qode_elementor_container_no\" data-id=\"710e56e\" data-element_type=\"section\" data-e-type=\"section\">\n\t\t\t\t\t\t<div class=\"elementor-container elementor-column-gap-default\">\n\t\t\t\t\t<div class=\"elementor-column elementor-col-100 elementor-top-column elementor-element elementor-element-69b5d3f\" data-id=\"69b5d3f\" data-element_type=\"column\" data-e-type=\"column\">\n\t\t\t<div class=\"elementor-widget-wrap elementor-element-populated\">\n\t\t\t\t\t\t<div class=\"elementor-element elementor-element-0a1353f elementor-align-center elementor-widget elementor-widget-button\" data-id=\"0a1353f\" data-element_type=\"widget\" data-e-type=\"widget\" data-widget_type=\"button.default\">\n\t\t\t\t<div class=\"elementor-widget-container\">\n\t\t\t\t\t\t\t\t\t<div class=\"elementor-button-wrapper\">\n\t\t\t\t\t<a class=\"elementor-button elementor-button-link elementor-size-sm\" href=\"https:\/\/event-box.be\/index.php\/contact\/\">\n\t\t\t\t\t\t<span class=\"elementor-button-content-wrapper\">\n\t\t\t\t\t\t\t\t\t<span class=\"elementor-button-text\">Contactez-nous<\/span>\n\t\t\t\t\t<\/span>\n\t\t\t\t\t<\/a>\n\t\t\t\t<\/div>\n\t\t\t\t\t\t\t\t<\/div>\n\t\t\t\t<\/div>\n\t\t\t\t\t<\/div>\n\t\t<\/div>\n\t\t\t\t\t<\/div>\n\t\t<\/section>\n\t\t\t\t<\/div>\n\t\t","protected":false},"excerpt":{"rendered":"<p>Notre TeambuildingLe teamwood challenge Laissez parler votre esprit d\u2019\u00e9quipe ! \u00a0 Qui a dit que jouer \u00e9tait r\u00e9serv\u00e9 aux enfants ? Avec Event Box, red\u00e9couvrez, entre coll\u00e8gues, le plaisir du jeu&#8230; en version XXL ! Plongez dans un teambuilding original, rythm\u00e9 et f\u00e9d\u00e9rateur o\u00f9 adresse,&#8230;<\/p>\n","protected":false},"author":1,"featured_media":5043,"parent":4920,"menu_order":0,"comment_status":"closed","ping_status":"closed","template":"full_width.php","meta":{"_exactmetrics_skip_tracking":false,"_exactmetrics_sitenote_active":false,"_exactmetrics_sitenote_note":"","_exactmetrics_sitenote_category":0,"footnotes":""},"class_list":["post-1315","page","type-page","status-publish","has-post-thumbnail","hentry"],"yoast_head":"<!-- This site is optimized with the Yoast SEO plugin v27.4 - https:\/\/yoast.com\/product\/yoast-seo-wordpress\/ -->\n<title>Teambuilding - Event-box vous propose des concepts originaux<\/title>\n<meta name=\"description\" content=\"Vous souhaitez ajouter une touche d&#039;originalit\u00e9 \u00e0 vos \u00e9v\u00e8nements sans r\u00e9fl\u00e9chir \u00e0 une formule sur-mesure ? Nous l&#039;avons cr\u00e9\u00e9e pour vous !\" \/>\n<meta name=\"robots\" content=\"index, follow, max-snippet:-1, max-image-preview:large, max-video-preview:-1\" \/>\n<link rel=\"canonical\" href=\"https:\/\/event-box.be\/index.php\/nos-concepts-2\/concept-teambuilding\/\" \/>\n<meta property=\"og:locale\" content=\"fr_FR\" \/>\n<meta property=\"og:type\" content=\"article\" \/>\n<meta property=\"og:title\" content=\"Teambuilding - Event-box vous propose des concepts originaux\" \/>\n<meta property=\"og:description\" content=\"Vous souhaitez ajouter une touche d&#039;originalit\u00e9 \u00e0 vos \u00e9v\u00e8nements sans r\u00e9fl\u00e9chir \u00e0 une formule sur-mesure ? Nous l&#039;avons cr\u00e9\u00e9e pour vous !\" \/>\n<meta property=\"og:url\" content=\"https:\/\/event-box.be\/index.php\/nos-concepts-2\/concept-teambuilding\/\" \/>\n<meta property=\"og:site_name\" content=\"Event-box\" \/>\n<meta property=\"article:publisher\" content=\"https:\/\/www.facebook.com\/profile.php?id=100076146701741\" \/>\n<meta property=\"article:modified_time\" content=\"2025-07-17T12:38:17+00:00\" \/>\n<meta property=\"og:image\" content=\"https:\/\/event-box.be\/wp-content\/uploads\/2025\/07\/Jette17.jpg\" \/>\n\t<meta property=\"og:image:width\" content=\"1530\" \/>\n\t<meta property=\"og:image:height\" content=\"2040\" \/>\n\t<meta property=\"og:image:type\" content=\"image\/jpeg\" \/>\n<meta name=\"twitter:card\" content=\"summary_large_image\" \/>\n<meta name=\"twitter:label1\" content=\"Dur\u00e9e de lecture estim\u00e9e\" \/>\n\t<meta name=\"twitter:data1\" content=\"3 minutes\" \/>\n<script type=\"application\/ld+json\" class=\"yoast-schema-graph\">{\"@context\":\"https:\\\/\\\/schema.org\",\"@graph\":[{\"@type\":\"WebPage\",\"@id\":\"https:\\\/\\\/event-box.be\\\/index.php\\\/nos-concepts-2\\\/concept-teambuilding\\\/\",\"url\":\"https:\\\/\\\/event-box.be\\\/index.php\\\/nos-concepts-2\\\/concept-teambuilding\\\/\",\"name\":\"Teambuilding - Event-box vous propose des concepts originaux\",\"isPartOf\":{\"@id\":\"https:\\\/\\\/event-box.be\\\/#website\"},\"primaryImageOfPage\":{\"@id\":\"https:\\\/\\\/event-box.be\\\/index.php\\\/nos-concepts-2\\\/concept-teambuilding\\\/#primaryimage\"},\"image\":{\"@id\":\"https:\\\/\\\/event-box.be\\\/index.php\\\/nos-concepts-2\\\/concept-teambuilding\\\/#primaryimage\"},\"thumbnailUrl\":\"https:\\\/\\\/event-box.be\\\/wp-content\\\/uploads\\\/2025\\\/07\\\/Jette17.jpg\",\"datePublished\":\"2021-10-11T17:39:51+00:00\",\"dateModified\":\"2025-07-17T12:38:17+00:00\",\"description\":\"Vous souhaitez ajouter une touche d'originalit\u00e9 \u00e0 vos \u00e9v\u00e8nements sans r\u00e9fl\u00e9chir \u00e0 une formule sur-mesure ? Nous l'avons cr\u00e9\u00e9e pour vous !\",\"breadcrumb\":{\"@id\":\"https:\\\/\\\/event-box.be\\\/index.php\\\/nos-concepts-2\\\/concept-teambuilding\\\/#breadcrumb\"},\"inLanguage\":\"fr-FR\",\"potentialAction\":[{\"@type\":\"ReadAction\",\"target\":[\"https:\\\/\\\/event-box.be\\\/index.php\\\/nos-concepts-2\\\/concept-teambuilding\\\/\"]}]},{\"@type\":\"ImageObject\",\"inLanguage\":\"fr-FR\",\"@id\":\"https:\\\/\\\/event-box.be\\\/index.php\\\/nos-concepts-2\\\/concept-teambuilding\\\/#primaryimage\",\"url\":\"https:\\\/\\\/event-box.be\\\/wp-content\\\/uploads\\\/2025\\\/07\\\/Jette17.jpg\",\"contentUrl\":\"https:\\\/\\\/event-box.be\\\/wp-content\\\/uploads\\\/2025\\\/07\\\/Jette17.jpg\",\"width\":1530,\"height\":2040},{\"@type\":\"BreadcrumbList\",\"@id\":\"https:\\\/\\\/event-box.be\\\/index.php\\\/nos-concepts-2\\\/concept-teambuilding\\\/#breadcrumb\",\"itemListElement\":[{\"@type\":\"ListItem\",\"position\":1,\"name\":\"Accueil\",\"item\":\"https:\\\/\\\/event-box.be\\\/\"},{\"@type\":\"ListItem\",\"position\":2,\"name\":\"Nos concepts\",\"item\":\"https:\\\/\\\/event-box.be\\\/index.php\\\/nos-concepts-2\\\/\"},{\"@type\":\"ListItem\",\"position\":3,\"name\":\"Teambuilding\"}]},{\"@type\":\"WebSite\",\"@id\":\"https:\\\/\\\/event-box.be\\\/#website\",\"url\":\"https:\\\/\\\/event-box.be\\\/\",\"name\":\"Event-box\",\"description\":\"Cr\u00e9ateur d ambiance\",\"publisher\":{\"@id\":\"https:\\\/\\\/event-box.be\\\/#organization\"},\"potentialAction\":[{\"@type\":\"SearchAction\",\"target\":{\"@type\":\"EntryPoint\",\"urlTemplate\":\"https:\\\/\\\/event-box.be\\\/?s={search_term_string}\"},\"query-input\":{\"@type\":\"PropertyValueSpecification\",\"valueRequired\":true,\"valueName\":\"search_term_string\"}}],\"inLanguage\":\"fr-FR\"},{\"@type\":\"Organization\",\"@id\":\"https:\\\/\\\/event-box.be\\\/#organization\",\"name\":\"Event-box\",\"url\":\"https:\\\/\\\/event-box.be\\\/\",\"logo\":{\"@type\":\"ImageObject\",\"inLanguage\":\"fr-FR\",\"@id\":\"https:\\\/\\\/event-box.be\\\/#\\\/schema\\\/logo\\\/image\\\/\",\"url\":\"https:\\\/\\\/event-box.be\\\/wp-content\\\/uploads\\\/2024\\\/09\\\/Event-box-bleu-a-lendroit-PNG-2-002-1.png\",\"contentUrl\":\"https:\\\/\\\/event-box.be\\\/wp-content\\\/uploads\\\/2024\\\/09\\\/Event-box-bleu-a-lendroit-PNG-2-002-1.png\",\"width\":1692,\"height\":580,\"caption\":\"Event-box\"},\"image\":{\"@id\":\"https:\\\/\\\/event-box.be\\\/#\\\/schema\\\/logo\\\/image\\\/\"},\"sameAs\":[\"https:\\\/\\\/www.facebook.com\\\/profile.php?id=100076146701741\"]}]}<\/script>\n<!-- \/ Yoast SEO plugin. -->","yoast_head_json":{"title":"Teambuilding - Event-box vous propose des concepts originaux","description":"Vous souhaitez ajouter une touche d'originalit\u00e9 \u00e0 vos \u00e9v\u00e8nements sans r\u00e9fl\u00e9chir \u00e0 une formule sur-mesure ? Nous l'avons cr\u00e9\u00e9e pour vous !","robots":{"index":"index","follow":"follow","max-snippet":"max-snippet:-1","max-image-preview":"max-image-preview:large","max-video-preview":"max-video-preview:-1"},"canonical":"https:\/\/event-box.be\/index.php\/nos-concepts-2\/concept-teambuilding\/","og_locale":"fr_FR","og_type":"article","og_title":"Teambuilding - Event-box vous propose des concepts originaux","og_description":"Vous souhaitez ajouter une touche d'originalit\u00e9 \u00e0 vos \u00e9v\u00e8nements sans r\u00e9fl\u00e9chir \u00e0 une formule sur-mesure ? Nous l'avons cr\u00e9\u00e9e pour vous !","og_url":"https:\/\/event-box.be\/index.php\/nos-concepts-2\/concept-teambuilding\/","og_site_name":"Event-box","article_publisher":"https:\/\/www.facebook.com\/profile.php?id=100076146701741","article_modified_time":"2025-07-17T12:38:17+00:00","og_image":[{"width":1530,"height":2040,"url":"https:\/\/event-box.be\/wp-content\/uploads\/2025\/07\/Jette17.jpg","type":"image\/jpeg"}],"twitter_card":"summary_large_image","twitter_misc":{"Dur\u00e9e de lecture estim\u00e9e":"3 minutes"},"schema":{"@context":"https:\/\/schema.org","@graph":[{"@type":"WebPage","@id":"https:\/\/event-box.be\/index.php\/nos-concepts-2\/concept-teambuilding\/","url":"https:\/\/event-box.be\/index.php\/nos-concepts-2\/concept-teambuilding\/","name":"Teambuilding - Event-box vous propose des concepts originaux","isPartOf":{"@id":"https:\/\/event-box.be\/#website"},"primaryImageOfPage":{"@id":"https:\/\/event-box.be\/index.php\/nos-concepts-2\/concept-teambuilding\/#primaryimage"},"image":{"@id":"https:\/\/event-box.be\/index.php\/nos-concepts-2\/concept-teambuilding\/#primaryimage"},"thumbnailUrl":"https:\/\/event-box.be\/wp-content\/uploads\/2025\/07\/Jette17.jpg","datePublished":"2021-10-11T17:39:51+00:00","dateModified":"2025-07-17T12:38:17+00:00","description":"Vous souhaitez ajouter une touche d'originalit\u00e9 \u00e0 vos \u00e9v\u00e8nements sans r\u00e9fl\u00e9chir \u00e0 une formule sur-mesure ? Nous l'avons cr\u00e9\u00e9e pour vous !","breadcrumb":{"@id":"https:\/\/event-box.be\/index.php\/nos-concepts-2\/concept-teambuilding\/#breadcrumb"},"inLanguage":"fr-FR","potentialAction":[{"@type":"ReadAction","target":["https:\/\/event-box.be\/index.php\/nos-concepts-2\/concept-teambuilding\/"]}]},{"@type":"ImageObject","inLanguage":"fr-FR","@id":"https:\/\/event-box.be\/index.php\/nos-concepts-2\/concept-teambuilding\/#primaryimage","url":"https:\/\/event-box.be\/wp-content\/uploads\/2025\/07\/Jette17.jpg","contentUrl":"https:\/\/event-box.be\/wp-content\/uploads\/2025\/07\/Jette17.jpg","width":1530,"height":2040},{"@type":"BreadcrumbList","@id":"https:\/\/event-box.be\/index.php\/nos-concepts-2\/concept-teambuilding\/#breadcrumb","itemListElement":[{"@type":"ListItem","position":1,"name":"Accueil","item":"https:\/\/event-box.be\/"},{"@type":"ListItem","position":2,"name":"Nos concepts","item":"https:\/\/event-box.be\/index.php\/nos-concepts-2\/"},{"@type":"ListItem","position":3,"name":"Teambuilding"}]},{"@type":"WebSite","@id":"https:\/\/event-box.be\/#website","url":"https:\/\/event-box.be\/","name":"Event-box","description":"Cr\u00e9ateur d ambiance","publisher":{"@id":"https:\/\/event-box.be\/#organization"},"potentialAction":[{"@type":"SearchAction","target":{"@type":"EntryPoint","urlTemplate":"https:\/\/event-box.be\/?s={search_term_string}"},"query-input":{"@type":"PropertyValueSpecification","valueRequired":true,"valueName":"search_term_string"}}],"inLanguage":"fr-FR"},{"@type":"Organization","@id":"https:\/\/event-box.be\/#organization","name":"Event-box","url":"https:\/\/event-box.be\/","logo":{"@type":"ImageObject","inLanguage":"fr-FR","@id":"https:\/\/event-box.be\/#\/schema\/logo\/image\/","url":"https:\/\/event-box.be\/wp-content\/uploads\/2024\/09\/Event-box-bleu-a-lendroit-PNG-2-002-1.png","contentUrl":"https:\/\/event-box.be\/wp-content\/uploads\/2024\/09\/Event-box-bleu-a-lendroit-PNG-2-002-1.png","width":1692,"height":580,"caption":"Event-box"},"image":{"@id":"https:\/\/event-box.be\/#\/schema\/logo\/image\/"},"sameAs":["https:\/\/www.facebook.com\/profile.php?id=100076146701741"]}]}},"_links":{"self":[{"href":"https:\/\/event-box.be\/index.php\/wp-json\/wp\/v2\/pages\/1315","targetHints":{"allow":["GET"]}}],"collection":[{"href":"https:\/\/event-box.be\/index.php\/wp-json\/wp\/v2\/pages"}],"about":[{"href":"https:\/\/event-box.be\/index.php\/wp-json\/wp\/v2\/types\/page"}],"author":[{"embeddable":true,"href":"https:\/\/event-box.be\/index.php\/wp-json\/wp\/v2\/users\/1"}],"replies":[{"embeddable":true,"href":"https:\/\/event-box.be\/index.php\/wp-json\/wp\/v2\/comments?post=1315"}],"version-history":[{"count":253,"href":"https:\/\/event-box.be\/index.php\/wp-json\/wp\/v2\/pages\/1315\/revisions"}],"predecessor-version":[{"id":5121,"href":"https:\/\/event-box.be\/index.php\/wp-json\/wp\/v2\/pages\/1315\/revisions\/5121"}],"up":[{"embeddable":true,"href":"https:\/\/event-box.be\/index.php\/wp-json\/wp\/v2\/pages\/4920"}],"wp:featuredmedia":[{"embeddable":true,"href":"https:\/\/event-box.be\/index.php\/wp-json\/wp\/v2\/media\/5043"}],"wp:attachment":[{"href":"https:\/\/event-box.be\/index.php\/wp-json\/wp\/v2\/media?parent=1315"}],"curies":[{"name":"wp","href":"https:\/\/api.w.org\/{rel}","templated":true}]}}